{"id":5526,"date":"2019-08-23T11:59:13","date_gmt":"2019-08-23T09:59:13","guid":{"rendered":"http:\/\/europe-rigid.com\/contact\/thank-you-for-your-message\/"},"modified":"2019-08-23T12:01:54","modified_gmt":"2019-08-23T10:01:54","slug":"thank-you-for-your-message","status":"publish","type":"page","link":"https:\/\/europe-rigid.com\/cs\/contact\/thank-you-for-your-message\/","title":{"rendered":"D\u011bkujeme za zpr\u00e1vu"},"content":{"rendered":"\n<p style=\"text-align:center\">Formul\u00e1\u0159 byl \u00fasp\u011b\u0161n\u011b odesl\u00e1n. Budeme v\u00e1s kontaktovat co nejd\u0159\u00edve.<\/p>\n","protected":false},"excerpt":{"rendered":"<p>Formul\u00e1\u0159 byl \u00fasp\u011b\u0161n\u011b odesl\u00e1n. Budeme v\u00e1s kontaktovat co nejd\u0159\u00edve.<\/p>\n","protected":false},"author":1,"featured_media":0,"parent":1707,"menu_order":0,"comment_status":"closed","ping_status":"closed","template":"","meta":{"footnotes":""},"class_list":["post-5526","page","type-page","status-publish","hentry"],"_links":{"self":[{"href":"https:\/\/europe-rigid.com\/cs\/wp-json\/wp\/v2\/pages\/5526","targetHints":{"allow":["GET"]}}],"collection":[{"href":"https:\/\/europe-rigid.com\/cs\/wp-json\/wp\/v2\/pages"}],"about":[{"href":"https:\/\/europe-rigid.com\/cs\/wp-json\/wp\/v2\/types\/page"}],"author":[{"embeddable":true,"href":"https:\/\/europe-rigid.com\/cs\/wp-json\/wp\/v2\/users\/1"}],"replies":[{"embeddable":true,"href":"https:\/\/europe-rigid.com\/cs\/wp-json\/wp\/v2\/comments?post=5526"}],"version-history":[{"count":0,"href":"https:\/\/europe-rigid.com\/cs\/wp-json\/wp\/v2\/pages\/5526\/revisions"}],"up":[{"embeddable":true,"href":"https:\/\/europe-rigid.com\/cs\/wp-json\/wp\/v2\/pages\/1707"}],"wp:attachment":[{"href":"https:\/\/europe-rigid.com\/cs\/wp-json\/wp\/v2\/media?parent=5526"}],"curies":[{"name":"wp","href":"https:\/\/api.w.org\/{rel}","templated":true}]}}