{"id":13114,"date":"2021-02-11T12:59:05","date_gmt":"2021-02-11T11:59:05","guid":{"rendered":"https:\/\/europe-rigid.com\/appareils-de-levage-pour-le-transport-de-personnes\/"},"modified":"2021-02-11T12:59:06","modified_gmt":"2021-02-11T11:59:06","slug":"appareils-de-levage-pour-le-transport-de-personnes","status":"publish","type":"page","link":"https:\/\/europe-rigid.com\/fr\/appareils-de-levage-pour-le-transport-de-personnes\/","title":{"rendered":"Appareils de levage pour le transport de personnes"},"content":{"rendered":"\t\t<div data-elementor-type=\"wp-page\" data-elementor-id=\"13114\" class=\"elementor elementor-13114\" data-elementor-post-type=\"page\">\n\t\t\t\t\t\t<section class=\"elementor-section elementor-top-section elementor-element elementor-element-9739083 elementor-section-stretched elementor-section-height-min-height elementor-section-boxed elementor-section-height-default elementor-section-items-middle\" data-id=\"9739083\" data-element_type=\"section\" data-e-type=\"section\" data-settings=\"{&quot;stretch_section&quot;:&quot;section-stretched&quot;,&quot;background_background&quot;:&quot;classic&quot;}\">\n\t\t\t\t\t\t<div class=\"elementor-container elementor-column-gap-default\">\n\t\t\t\t\t<div class=\"elementor-column elementor-col-100 elementor-top-column elementor-element elementor-element-af8bc1a\" data-id=\"af8bc1a\" data-element_type=\"column\" data-e-type=\"column\">\n\t\t\t<div class=\"elementor-widget-wrap elementor-element-populated\">\n\t\t\t\t\t\t<div class=\"elementor-element elementor-element-bd212b0 elementor-widget elementor-widget-heading\" data-id=\"bd212b0\" data-element_type=\"widget\" data-e-type=\"widget\" data-widget_type=\"heading.default\">\n\t\t\t\t\t<h2 class=\"elementor-heading-title elementor-size-default\">Appareils de levage pour le transport de personnes<\/h2>\t\t\t\t<\/div>\n\t\t\t\t\t<\/div>\n\t\t<\/div>\n\t\t\t\t\t<\/div>\n\t\t<\/section>\n\t\t\t\t<section class=\"elementor-section elementor-top-section elementor-element elementor-element-2bb78d7 elementor-section-boxed elementor-section-height-default elementor-section-height-default\" data-id=\"2bb78d7\" data-element_type=\"section\" data-e-type=\"section\">\n\t\t\t\t\t\t<div class=\"elementor-container elementor-column-gap-default\">\n\t\t\t\t\t<div class=\"elementor-column elementor-col-100 elementor-top-column elementor-element elementor-element-4b4d3a9\" data-id=\"4b4d3a9\" data-element_type=\"column\" data-e-type=\"column\">\n\t\t\t<div class=\"elementor-widget-wrap elementor-element-populated\">\n\t\t\t\t\t\t<div class=\"elementor-element elementor-element-0f965ad elementor-grid-3 elementor-grid-tablet-2 elementor-grid-mobile-1 elementor-invisible elementor-widget elementor-widget-portfolio\" data-id=\"0f965ad\" data-element_type=\"widget\" data-e-type=\"widget\" data-settings=\"{&quot;item_ratio&quot;:{&quot;unit&quot;:&quot;px&quot;,&quot;size&quot;:1,&quot;sizes&quot;:[]},&quot;row_gap&quot;:{&quot;unit&quot;:&quot;px&quot;,&quot;size&quot;:21,&quot;sizes&quot;:[]},&quot;_animation&quot;:&quot;fadeIn&quot;,&quot;columns&quot;:&quot;3&quot;,&quot;columns_tablet&quot;:&quot;2&quot;,&quot;columns_mobile&quot;:&quot;1&quot;,&quot;item_gap&quot;:{&quot;unit&quot;:&quot;px&quot;,&quot;size&quot;:&quot;&quot;,&quot;sizes&quot;:[]}}\" data-widget_type=\"portfolio.default\">\n\t\t\t\t<div class=\"elementor-widget-container\">\n\t\t\t\t\t\t\t<div class=\"elementor-portfolio elementor-grid elementor-posts-container\" role=\"list\">\n\t\t\t\t<article class=\"elementor-portfolio-item elementor-post  post-1821 portfolio type-portfolio status-publish has-post-thumbnail hentry\" role=\"listitem\">\n\t\t\t<a class=\"elementor-post__thumbnail__link\" href=\"https:\/\/europe-rigid.com\/fr\/portfolio\/treuil-electrique-a-cable-passant-ltd-p-500-1000kg\/\">\n\t\t\t\t<div class=\"elementor-portfolio-item__img elementor-post__thumbnail\">\n\t\t\t<img fetchpriority=\"high\" decoding=\"async\" width=\"768\" height=\"614\" src=\"https:\/\/europe-rigid.com\/wp-content\/uploads\/2019\/02\/tishengji-wutubiao-768x614.jpg\" class=\"attachment-medium_large size-medium_large wp-image-1822\" alt=\"\" srcset=\"https:\/\/europe-rigid.com\/wp-content\/uploads\/2019\/02\/tishengji-wutubiao-768x614.jpg 768w, https:\/\/europe-rigid.com\/wp-content\/uploads\/2019\/02\/tishengji-wutubiao-300x240.jpg 300w, https:\/\/europe-rigid.com\/wp-content\/uploads\/2019\/02\/tishengji-wutubiao-1024x818.jpg 1024w, https:\/\/europe-rigid.com\/wp-content\/uploads\/2019\/02\/tishengji-wutubiao-1140x911.jpg 1140w, https:\/\/europe-rigid.com\/wp-content\/uploads\/2019\/02\/tishengji-wutubiao-720x576.jpg 720w, https:\/\/europe-rigid.com\/wp-content\/uploads\/2019\/02\/tishengji-wutubiao-360x288.jpg 360w, https:\/\/europe-rigid.com\/wp-content\/uploads\/2019\/02\/tishengji-wutubiao.jpg 1900w\" sizes=\"(max-width: 768px) 100vw, 768px\" \/>\t\t<\/div>\n\t\t\t\t<div class=\"elementor-portfolio-item__overlay\">\n\t\t\t\t<h3 class=\"elementor-portfolio-item__title\">\n\t\tTreuil \u00e9lectrique pour levage de personnes et mat\u00e9riaux s\u00e9rie LTD-P 500-1000 kg\t\t<\/h3>\n\t\t\t\t<\/div>\n\t\t\t\t<\/a>\n\t\t<\/article>\n\t\t\t\t<article class=\"elementor-portfolio-item elementor-post  post-1826 portfolio type-portfolio status-publish has-post-thumbnail hentry\" role=\"listitem\">\n\t\t\t<a class=\"elementor-post__thumbnail__link\" href=\"https:\/\/europe-rigid.com\/fr\/portfolio\/ltd200-traction-hoist\/\">\n\t\t\t\t<div class=\"elementor-portfolio-item__img elementor-post__thumbnail\">\n\t\t\t<img decoding=\"async\" width=\"640\" height=\"640\" src=\"https:\/\/europe-rigid.com\/wp-content\/uploads\/2019\/02\/LTD200.png\" class=\"attachment-medium_large size-medium_large wp-image-1827\" alt=\"\" srcset=\"https:\/\/europe-rigid.com\/wp-content\/uploads\/2019\/02\/LTD200.png 640w, https:\/\/europe-rigid.com\/wp-content\/uploads\/2019\/02\/LTD200-150x150.png 150w, https:\/\/europe-rigid.com\/wp-content\/uploads\/2019\/02\/LTD200-300x300.png 300w, https:\/\/europe-rigid.com\/wp-content\/uploads\/2019\/02\/LTD200-600x600.png 600w, https:\/\/europe-rigid.com\/wp-content\/uploads\/2019\/02\/LTD200-120x120.png 120w, https:\/\/europe-rigid.com\/wp-content\/uploads\/2019\/02\/LTD200-60x60.png 60w, https:\/\/europe-rigid.com\/wp-content\/uploads\/2019\/02\/LTD200-360x360.png 360w\" sizes=\"(max-width: 640px) 100vw, 640px\" \/>\t\t<\/div>\n\t\t\t\t<div class=\"elementor-portfolio-item__overlay\">\n\t\t\t\t<h3 class=\"elementor-portfolio-item__title\">\n\t\tTreuil \u00e9lectrique de traction pour levage de personnes et mat\u00e9riaux s\u00e9rie LTD200 -2000 kg\t\t<\/h3>\n\t\t\t\t<\/div>\n\t\t\t\t<\/a>\n\t\t<\/article>\n\t\t\t\t<article class=\"elementor-portfolio-item elementor-post  post-12691 page type-page status-publish has-post-thumbnail hentry\" role=\"listitem\">\n\t\t\t<a class=\"elementor-post__thumbnail__link\" href=\"https:\/\/europe-rigid.com\/fr\/accessoires-appareil-de-levage\/\">\n\t\t\t\t<div class=\"elementor-portfolio-item__img elementor-post__thumbnail\">\n\t\t\t<img decoding=\"async\" width=\"768\" height=\"444\" src=\"https:\/\/europe-rigid.com\/wp-content\/uploads\/2020\/09\/ottacc-4-768x444.png\" class=\"attachment-medium_large size-medium_large wp-image-96463\" alt=\"\" srcset=\"https:\/\/europe-rigid.com\/wp-content\/uploads\/2020\/09\/ottacc-4-768x444.png 768w, https:\/\/europe-rigid.com\/wp-content\/uploads\/2020\/09\/ottacc-4-300x174.png 300w, https:\/\/europe-rigid.com\/wp-content\/uploads\/2020\/09\/ottacc-4-1024x592.png 1024w, https:\/\/europe-rigid.com\/wp-content\/uploads\/2020\/09\/ottacc-4-1536x888.png 1536w, https:\/\/europe-rigid.com\/wp-content\/uploads\/2020\/09\/ottacc-4-720x416.png 720w, https:\/\/europe-rigid.com\/wp-content\/uploads\/2020\/09\/ottacc-4-360x208.png 360w, https:\/\/europe-rigid.com\/wp-content\/uploads\/2020\/09\/ottacc-4.png 1900w\" sizes=\"(max-width: 768px) 100vw, 768px\" \/>\t\t<\/div>\n\t\t\t\t<div class=\"elementor-portfolio-item__overlay\">\n\t\t\t\t<h3 class=\"elementor-portfolio-item__title\">\n\t\tAccessoires Treuil \u00e9lectrique\t\t<\/h3>\n\t\t\t\t<\/div>\n\t\t\t\t<\/a>\n\t\t<\/article>\n\t\t\t\t<\/div>\n\t\t\t\t\t\t<\/div>\n\t\t\t\t<\/div>\n\t\t\t\t\t<\/div>\n\t\t<\/div>\n\t\t\t\t\t<\/div>\n\t\t<\/section>\n\t\t\t\t<\/div>\n\t\t","protected":false},"excerpt":{"rendered":"<p>Man riding hoists<\/p>\n","protected":false},"author":1,"featured_media":0,"parent":0,"menu_order":0,"comment_status":"closed","ping_status":"closed","template":"","meta":{"footnotes":""},"class_list":["post-13114","page","type-page","status-publish","hentry"],"_links":{"self":[{"href":"https:\/\/europe-rigid.com\/fr\/wp-json\/wp\/v2\/pages\/13114","targetHints":{"allow":["GET"]}}],"collection":[{"href":"https:\/\/europe-rigid.com\/fr\/wp-json\/wp\/v2\/pages"}],"about":[{"href":"https:\/\/europe-rigid.com\/fr\/wp-json\/wp\/v2\/types\/page"}],"author":[{"embeddable":true,"href":"https:\/\/europe-rigid.com\/fr\/wp-json\/wp\/v2\/users\/1"}],"replies":[{"embeddable":true,"href":"https:\/\/europe-rigid.com\/fr\/wp-json\/wp\/v2\/comments?post=13114"}],"version-history":[{"count":2,"href":"https:\/\/europe-rigid.com\/fr\/wp-json\/wp\/v2\/pages\/13114\/revisions"}],"predecessor-version":[{"id":13117,"href":"https:\/\/europe-rigid.com\/fr\/wp-json\/wp\/v2\/pages\/13114\/revisions\/13117"}],"wp:attachment":[{"href":"https:\/\/europe-rigid.com\/fr\/wp-json\/wp\/v2\/media?parent=13114"}],"curies":[{"name":"wp","href":"https:\/\/api.w.org\/{rel}","templated":true}]}}