{"id":1868,"date":"2019-02-11T12:41:47","date_gmt":"2019-02-11T11:41:47","guid":{"rendered":"http:\/\/europe-rigid.com\/rental\/"},"modified":"2022-09-21T09:26:53","modified_gmt":"2022-09-21T07:26:53","slug":"rental","status":"publish","type":"page","link":"https:\/\/europe-rigid.com\/fr\/rental\/","title":{"rendered":"Location"},"content":{"rendered":"\t\t<div data-elementor-type=\"wp-post\" data-elementor-id=\"1868\" class=\"elementor elementor-1868\" data-elementor-post-type=\"page\">\n\t\t\t\t\t\t<section class=\"elementor-section elementor-top-section elementor-element elementor-element-27e1ebf elementor-section-boxed elementor-section-height-default elementor-section-height-default\" data-id=\"27e1ebf\" data-element_type=\"section\" data-e-type=\"section\">\n\t\t\t\t\t\t<div class=\"elementor-container elementor-column-gap-default\">\n\t\t\t\t\t<div class=\"elementor-column elementor-col-100 elementor-top-column elementor-element elementor-element-c661f66\" data-id=\"c661f66\" data-element_type=\"column\" data-e-type=\"column\">\n\t\t\t<div class=\"elementor-widget-wrap elementor-element-populated\">\n\t\t\t\t\t\t<div class=\"elementor-element elementor-element-0139aeb elementor-widget elementor-widget-text-editor\" data-id=\"0139aeb\" data-element_type=\"widget\" data-e-type=\"widget\" data-widget_type=\"text-editor.default\">\n\t\t\t\t\t\t\t\t\t<p>Rigid Rent permet \u00e0 votre entreprise de relever plus facilement de nouveaux d\u00e9fis sans atteindre votre limite de capacit\u00e9. En m\u00eame temps, vous conservez un contr\u00f4le total sur les co\u00fbts et \u00e9vitez les investissements. C&rsquo;est un excellent choix lorsque vous souhaitez \u00e9viter de lier la capacit\u00e9 d&rsquo;exploitation et le capital. Avez-vous besoin d&rsquo;augmenter le nombre de vos palans pendant un certain temps ? Nous avons une solution flexible pour vous. Profitez du service de location rigide. Faites votre choix parmi nos offres de monte-charge pour assemblage d&rsquo;ascenseurs.\u00a0<\/p><p>Currently we offer rental of models LTD100 with accessories and with integrated control box &#8211; suitable for elevator sector. Minimum rental period is 2 weeks. Please contact us for more information: sales@europe-rigid.com .<\/p><p>Individual rental conditions possible in case of long-term rental interest of more pieces.<\/p>\t\t\t\t\t\t\t\t<\/div>\n\t\t\t\t\t<\/div>\n\t\t<\/div>\n\t\t\t\t\t<\/div>\n\t\t<\/section>\n\t\t\t\t<\/div>\n\t\t","protected":false},"excerpt":{"rendered":"<p>Rigid Rent permet \u00e0 votre entreprise de relever plus facilement de nouveaux d\u00e9fis sans atteindre votre limite de capacit\u00e9. En m\u00eame temps, vous conservez un contr\u00f4le total sur les co\u00fbts et \u00e9vitez les investissements. C&rsquo;est un excellent choix lorsque vous &hellip; <a class=\"kt-excerpt-readmore more-link\" href=\"https:\/\/europe-rigid.com\/fr\/rental\/\" aria-label=\"Location\">Read More<\/a><\/p>\n","protected":false},"author":1,"featured_media":0,"parent":0,"menu_order":0,"comment_status":"closed","ping_status":"closed","template":"","meta":{"footnotes":""},"class_list":["post-1868","page","type-page","status-publish","hentry"],"_links":{"self":[{"href":"https:\/\/europe-rigid.com\/fr\/wp-json\/wp\/v2\/pages\/1868","targetHints":{"allow":["GET"]}}],"collection":[{"href":"https:\/\/europe-rigid.com\/fr\/wp-json\/wp\/v2\/pages"}],"about":[{"href":"https:\/\/europe-rigid.com\/fr\/wp-json\/wp\/v2\/types\/page"}],"author":[{"embeddable":true,"href":"https:\/\/europe-rigid.com\/fr\/wp-json\/wp\/v2\/users\/1"}],"replies":[{"embeddable":true,"href":"https:\/\/europe-rigid.com\/fr\/wp-json\/wp\/v2\/comments?post=1868"}],"version-history":[{"count":3,"href":"https:\/\/europe-rigid.com\/fr\/wp-json\/wp\/v2\/pages\/1868\/revisions"}],"predecessor-version":[{"id":95799,"href":"https:\/\/europe-rigid.com\/fr\/wp-json\/wp\/v2\/pages\/1868\/revisions\/95799"}],"wp:attachment":[{"href":"https:\/\/europe-rigid.com\/fr\/wp-json\/wp\/v2\/media?parent=1868"}],"curies":[{"name":"wp","href":"https:\/\/api.w.org\/{rel}","templated":true}]}}