{"id":18641,"date":"2021-03-23T10:01:07","date_gmt":"2021-03-23T09:01:07","guid":{"rendered":"https:\/\/europe-rigid.com\/zuhanasgatlo\/"},"modified":"2021-03-23T10:01:08","modified_gmt":"2021-03-23T09:01:08","slug":"zuhanasgatlo","status":"publish","type":"page","link":"https:\/\/europe-rigid.com\/hu\/zuhanasgatlo\/","title":{"rendered":"Zuhan\u00e1sg\u00e1tl\u00f3"},"content":{"rendered":"\t\t<div data-elementor-type=\"wp-page\" data-elementor-id=\"18641\" class=\"elementor elementor-18641\" data-elementor-post-type=\"page\">\n\t\t\t\t\t\t<section class=\"elementor-section elementor-top-section elementor-element elementor-element-dc42615 elementor-section-stretched elementor-section-height-min-height elementor-section-boxed elementor-section-height-default elementor-section-items-middle\" data-id=\"dc42615\" data-element_type=\"section\" data-e-type=\"section\" data-settings=\"{&quot;stretch_section&quot;:&quot;section-stretched&quot;,&quot;background_background&quot;:&quot;classic&quot;}\">\n\t\t\t\t\t\t<div class=\"elementor-container elementor-column-gap-default\">\n\t\t\t\t\t<div class=\"elementor-column elementor-col-100 elementor-top-column elementor-element elementor-element-8dcff0d\" data-id=\"8dcff0d\" data-element_type=\"column\" data-e-type=\"column\">\n\t\t\t<div class=\"elementor-widget-wrap elementor-element-populated\">\n\t\t\t\t\t\t<div class=\"elementor-element elementor-element-a2426fe elementor-widget elementor-widget-heading\" data-id=\"a2426fe\" data-element_type=\"widget\" data-e-type=\"widget\" data-widget_type=\"heading.default\">\n\t\t\t\t\t<h2 class=\"elementor-heading-title elementor-size-default\">Zuhan\u00e1sg\u00e1tl\u00f3<\/h2>\t\t\t\t<\/div>\n\t\t\t\t\t<\/div>\n\t\t<\/div>\n\t\t\t\t\t<\/div>\n\t\t<\/section>\n\t\t\t\t<section class=\"elementor-section elementor-top-section elementor-element elementor-element-e9de3a8 elementor-section-boxed elementor-section-height-default elementor-section-height-default\" data-id=\"e9de3a8\" data-element_type=\"section\" data-e-type=\"section\">\n\t\t\t\t\t\t<div class=\"elementor-container elementor-column-gap-default\">\n\t\t\t\t\t<div class=\"elementor-column elementor-col-100 elementor-top-column elementor-element elementor-element-dae00e7\" data-id=\"dae00e7\" data-element_type=\"column\" data-e-type=\"column\">\n\t\t\t<div class=\"elementor-widget-wrap elementor-element-populated\">\n\t\t\t\t\t\t<div class=\"elementor-element elementor-element-56d9fec elementor-grid-2 elementor-grid-tablet-2 elementor-grid-mobile-1 elementor-invisible elementor-widget elementor-widget-portfolio\" data-id=\"56d9fec\" data-element_type=\"widget\" data-e-type=\"widget\" data-settings=\"{&quot;columns&quot;:&quot;2&quot;,&quot;item_ratio&quot;:{&quot;unit&quot;:&quot;px&quot;,&quot;size&quot;:1,&quot;sizes&quot;:[]},&quot;row_gap&quot;:{&quot;unit&quot;:&quot;px&quot;,&quot;size&quot;:21,&quot;sizes&quot;:[]},&quot;_animation&quot;:&quot;fadeIn&quot;,&quot;columns_tablet&quot;:&quot;2&quot;,&quot;columns_mobile&quot;:&quot;1&quot;,&quot;item_gap&quot;:{&quot;unit&quot;:&quot;px&quot;,&quot;size&quot;:&quot;&quot;,&quot;sizes&quot;:[]}}\" data-widget_type=\"portfolio.default\">\n\t\t\t\t<div class=\"elementor-widget-container\">\n\t\t\t\t\t\t\t<div class=\"elementor-portfolio elementor-grid elementor-posts-container\" role=\"list\">\n\t\t\t\t<article class=\"elementor-portfolio-item elementor-post  post-1993 portfolio type-portfolio status-publish has-post-thumbnail hentry\" role=\"listitem\">\n\t\t\t<a class=\"elementor-post__thumbnail__link\" href=\"https:\/\/europe-rigid.com\/hu\/portfolio\/fall-arrester\/\">\n\t\t\t\t<div class=\"elementor-portfolio-item__img elementor-post__thumbnail\">\n\t\t\t<img fetchpriority=\"high\" decoding=\"async\" width=\"640\" height=\"640\" src=\"https:\/\/europe-rigid.com\/wp-content\/uploads\/2019\/02\/OSL.jpg\" class=\"attachment-medium_large size-medium_large wp-image-1994\" alt=\"\" srcset=\"https:\/\/europe-rigid.com\/wp-content\/uploads\/2019\/02\/OSL.jpg 640w, https:\/\/europe-rigid.com\/wp-content\/uploads\/2019\/02\/OSL-150x150.jpg 150w, https:\/\/europe-rigid.com\/wp-content\/uploads\/2019\/02\/OSL-300x300.jpg 300w, https:\/\/europe-rigid.com\/wp-content\/uploads\/2019\/02\/OSL-600x600.jpg 600w, https:\/\/europe-rigid.com\/wp-content\/uploads\/2019\/02\/OSL-120x120.jpg 120w, https:\/\/europe-rigid.com\/wp-content\/uploads\/2019\/02\/OSL-60x60.jpg 60w, https:\/\/europe-rigid.com\/wp-content\/uploads\/2019\/02\/OSL-480x480.jpg 480w, https:\/\/europe-rigid.com\/wp-content\/uploads\/2019\/02\/OSL-240x240.jpg 240w, https:\/\/europe-rigid.com\/wp-content\/uploads\/2019\/02\/OSL-360x360.jpg 360w\" sizes=\"(max-width: 640px) 100vw, 640px\" \/>\t\t<\/div>\n\t\t\t\t<div class=\"elementor-portfolio-item__overlay\">\n\t\t\t\t<h3 class=\"elementor-portfolio-item__title\">\n\t\tOSL sorozat\u00fa es\u00e9sfog\u00f3\t\t<\/h3>\n\t\t\t\t<\/div>\n\t\t\t\t<\/a>\n\t\t<\/article>\n\t\t\t\t<article class=\"elementor-portfolio-item elementor-post  post-13297 portfolio type-portfolio status-publish has-post-thumbnail hentry\" role=\"listitem\">\n\t\t\t<a class=\"elementor-post__thumbnail__link\" href=\"https:\/\/europe-rigid.com\/hu\/portfolio\/lsf-berendezes-a-munkaallvany-billenese-ellen\/\">\n\t\t\t\t<div class=\"elementor-portfolio-item__img elementor-post__thumbnail\">\n\t\t\t<img decoding=\"async\" width=\"480\" height=\"480\" src=\"https:\/\/europe-rigid.com\/wp-content\/uploads\/2020\/09\/ezgif-1-0254ae0fa216.jpg\" class=\"attachment-medium_large size-medium_large wp-image-8826\" alt=\"\" srcset=\"https:\/\/europe-rigid.com\/wp-content\/uploads\/2020\/09\/ezgif-1-0254ae0fa216.jpg 480w, https:\/\/europe-rigid.com\/wp-content\/uploads\/2020\/09\/ezgif-1-0254ae0fa216-300x300.jpg 300w, https:\/\/europe-rigid.com\/wp-content\/uploads\/2020\/09\/ezgif-1-0254ae0fa216-150x150.jpg 150w, https:\/\/europe-rigid.com\/wp-content\/uploads\/2020\/09\/ezgif-1-0254ae0fa216-240x240.jpg 240w, https:\/\/europe-rigid.com\/wp-content\/uploads\/2020\/09\/ezgif-1-0254ae0fa216-360x360.jpg 360w\" sizes=\"(max-width: 480px) 100vw, 480px\" \/>\t\t<\/div>\n\t\t\t\t<div class=\"elementor-portfolio-item__overlay\">\n\t\t\t\t<h3 class=\"elementor-portfolio-item__title\">\n\t\tLSF berendez\u00e9s a munka\u00e1llv\u00e1ny billen\u00e9se ellen\t\t<\/h3>\n\t\t\t\t<\/div>\n\t\t\t\t<\/a>\n\t\t<\/article>\n\t\t\t\t<\/div>\n\t\t\t\t\t\t<\/div>\n\t\t\t\t<\/div>\n\t\t\t\t\t<\/div>\n\t\t<\/div>\n\t\t\t\t\t<\/div>\n\t\t<\/section>\n\t\t\t\t<\/div>\n\t\t","protected":false},"excerpt":{"rendered":"<p>Zuhan\u00e1sg\u00e1tl\u00f3<\/p>\n","protected":false},"author":1,"featured_media":8853,"parent":0,"menu_order":0,"comment_status":"closed","ping_status":"closed","template":"","meta":{"footnotes":""},"class_list":["post-18641","page","type-page","status-publish","has-post-thumbnail","hentry"],"_links":{"self":[{"href":"https:\/\/europe-rigid.com\/hu\/wp-json\/wp\/v2\/pages\/18641","targetHints":{"allow":["GET"]}}],"collection":[{"href":"https:\/\/europe-rigid.com\/hu\/wp-json\/wp\/v2\/pages"}],"about":[{"href":"https:\/\/europe-rigid.com\/hu\/wp-json\/wp\/v2\/types\/page"}],"author":[{"embeddable":true,"href":"https:\/\/europe-rigid.com\/hu\/wp-json\/wp\/v2\/users\/1"}],"replies":[{"embeddable":true,"href":"https:\/\/europe-rigid.com\/hu\/wp-json\/wp\/v2\/comments?post=18641"}],"version-history":[{"count":1,"href":"https:\/\/europe-rigid.com\/hu\/wp-json\/wp\/v2\/pages\/18641\/revisions"}],"predecessor-version":[{"id":18642,"href":"https:\/\/europe-rigid.com\/hu\/wp-json\/wp\/v2\/pages\/18641\/revisions\/18642"}],"wp:featuredmedia":[{"embeddable":true,"href":"https:\/\/europe-rigid.com\/hu\/wp-json\/wp\/v2\/media\/8853"}],"wp:attachment":[{"href":"https:\/\/europe-rigid.com\/hu\/wp-json\/wp\/v2\/media?parent=18641"}],"curies":[{"name":"wp","href":"https:\/\/api.w.org\/{rel}","templated":true}]}}