{"id":18653,"date":"2021-03-23T10:34:53","date_gmt":"2021-03-23T09:34:53","guid":{"rendered":"https:\/\/europe-rigid.com\/mennyezeti-rogzito-rendszer\/"},"modified":"2021-03-23T10:34:54","modified_gmt":"2021-03-23T09:34:54","slug":"mennyezeti-rogzito-rendszer","status":"publish","type":"page","link":"https:\/\/europe-rigid.com\/hu\/mennyezeti-rogzito-rendszer\/","title":{"rendered":"Mennyezeti r\u00f6gz\u00edt\u0151 rendszer"},"content":{"rendered":"\t\t<div data-elementor-type=\"wp-page\" data-elementor-id=\"18653\" class=\"elementor elementor-18653\" data-elementor-post-type=\"page\">\n\t\t\t\t\t\t<section class=\"elementor-section elementor-top-section elementor-element elementor-element-8da3d33 elementor-section-stretched elementor-section-height-min-height elementor-section-boxed elementor-section-height-default elementor-section-items-middle\" data-id=\"8da3d33\" data-element_type=\"section\" data-e-type=\"section\" data-settings=\"{&quot;stretch_section&quot;:&quot;section-stretched&quot;,&quot;background_background&quot;:&quot;classic&quot;}\">\n\t\t\t\t\t\t<div class=\"elementor-container elementor-column-gap-default\">\n\t\t\t\t\t<div class=\"elementor-column elementor-col-100 elementor-top-column elementor-element elementor-element-8b6da91\" data-id=\"8b6da91\" data-element_type=\"column\" data-e-type=\"column\">\n\t\t\t<div class=\"elementor-widget-wrap elementor-element-populated\">\n\t\t\t\t\t\t<div class=\"elementor-element elementor-element-a8cd6f5 elementor-widget elementor-widget-heading\" data-id=\"a8cd6f5\" data-element_type=\"widget\" data-e-type=\"widget\" data-widget_type=\"heading.default\">\n\t\t\t\t\t<h2 class=\"elementor-heading-title elementor-size-default\">Mennyezeti r\u00f6gz\u00edt\u0151 rendszer<\/h2>\t\t\t\t<\/div>\n\t\t\t\t\t<\/div>\n\t\t<\/div>\n\t\t\t\t\t<\/div>\n\t\t<\/section>\n\t\t\t\t<section class=\"elementor-section elementor-top-section elementor-element elementor-element-146ca14 elementor-section-boxed elementor-section-height-default elementor-section-height-default\" data-id=\"146ca14\" data-element_type=\"section\" data-e-type=\"section\">\n\t\t\t\t\t\t<div class=\"elementor-container elementor-column-gap-default\">\n\t\t\t\t\t<div class=\"elementor-column elementor-col-100 elementor-top-column elementor-element elementor-element-8b2e4b0\" data-id=\"8b2e4b0\" data-element_type=\"column\" data-e-type=\"column\">\n\t\t\t<div class=\"elementor-widget-wrap elementor-element-populated\">\n\t\t\t\t\t\t<div class=\"elementor-element elementor-element-417867b elementor-grid-4 elementor-grid-tablet-2 elementor-grid-mobile-1 elementor-invisible elementor-widget elementor-widget-portfolio\" data-id=\"417867b\" data-element_type=\"widget\" data-e-type=\"widget\" data-settings=\"{&quot;columns&quot;:&quot;4&quot;,&quot;item_ratio&quot;:{&quot;unit&quot;:&quot;px&quot;,&quot;size&quot;:1,&quot;sizes&quot;:[]},&quot;row_gap&quot;:{&quot;unit&quot;:&quot;px&quot;,&quot;size&quot;:21,&quot;sizes&quot;:[]},&quot;_animation&quot;:&quot;fadeIn&quot;,&quot;columns_tablet&quot;:&quot;2&quot;,&quot;columns_mobile&quot;:&quot;1&quot;,&quot;item_gap&quot;:{&quot;unit&quot;:&quot;px&quot;,&quot;size&quot;:&quot;&quot;,&quot;sizes&quot;:[]}}\" data-widget_type=\"portfolio.default\">\n\t\t\t\t<div class=\"elementor-widget-container\">\n\t\t\t\t\t\t\t<div class=\"elementor-portfolio elementor-grid elementor-posts-container\" role=\"list\">\n\t\t\t\t<article class=\"elementor-portfolio-item elementor-post  post-13282 portfolio type-portfolio status-publish has-post-thumbnail hentry\" role=\"listitem\">\n\t\t\t<a class=\"elementor-post__thumbnail__link\" href=\"https:\/\/europe-rigid.com\/hu\/portfolio\/fuggokar\/\">\n\t\t\t\t<div class=\"elementor-portfolio-item__img elementor-post__thumbnail\">\n\t\t\t<img fetchpriority=\"high\" decoding=\"async\" width=\"480\" height=\"376\" src=\"https:\/\/europe-rigid.com\/wp-content\/uploads\/2020\/09\/ezgif-1-fdde40d7970a.jpg\" class=\"attachment-medium_large size-medium_large wp-image-8717\" alt=\"\" srcset=\"https:\/\/europe-rigid.com\/wp-content\/uploads\/2020\/09\/ezgif-1-fdde40d7970a.jpg 480w, https:\/\/europe-rigid.com\/wp-content\/uploads\/2020\/09\/ezgif-1-fdde40d7970a-300x235.jpg 300w, https:\/\/europe-rigid.com\/wp-content\/uploads\/2020\/09\/ezgif-1-fdde40d7970a-360x282.jpg 360w\" sizes=\"(max-width: 480px) 100vw, 480px\" \/>\t\t<\/div>\n\t\t\t\t<div class=\"elementor-portfolio-item__overlay\">\n\t\t\t\t<h3 class=\"elementor-portfolio-item__title\">\n\t\tF\u00fcgg\u0151kar\t\t<\/h3>\n\t\t\t\t<\/div>\n\t\t\t\t<\/a>\n\t\t<\/article>\n\t\t\t\t<article class=\"elementor-portfolio-item elementor-post  post-13286 portfolio type-portfolio status-publish has-post-thumbnail hentry\" role=\"listitem\">\n\t\t\t<a class=\"elementor-post__thumbnail__link\" href=\"https:\/\/europe-rigid.com\/hu\/portfolio\/parapet-szoritokapcsok\/\">\n\t\t\t\t<div class=\"elementor-portfolio-item__img elementor-post__thumbnail\">\n\t\t\t<img decoding=\"async\" width=\"480\" height=\"480\" src=\"https:\/\/europe-rigid.com\/wp-content\/uploads\/2020\/09\/ezgif-1-0d28884a71da.jpg\" class=\"attachment-medium_large size-medium_large wp-image-8734\" alt=\"\" srcset=\"https:\/\/europe-rigid.com\/wp-content\/uploads\/2020\/09\/ezgif-1-0d28884a71da.jpg 480w, https:\/\/europe-rigid.com\/wp-content\/uploads\/2020\/09\/ezgif-1-0d28884a71da-300x300.jpg 300w, https:\/\/europe-rigid.com\/wp-content\/uploads\/2020\/09\/ezgif-1-0d28884a71da-150x150.jpg 150w, https:\/\/europe-rigid.com\/wp-content\/uploads\/2020\/09\/ezgif-1-0d28884a71da-360x360.jpg 360w\" sizes=\"(max-width: 480px) 100vw, 480px\" \/>\t\t<\/div>\n\t\t\t\t<div class=\"elementor-portfolio-item__overlay\">\n\t\t\t\t<h3 class=\"elementor-portfolio-item__title\">\n\t\tParapet szor\u00edt\u00f3kapcsok\t\t<\/h3>\n\t\t\t\t<\/div>\n\t\t\t\t<\/a>\n\t\t<\/article>\n\t\t\t\t<\/div>\n\t\t\t\t\t\t<\/div>\n\t\t\t\t<\/div>\n\t\t\t\t\t<\/div>\n\t\t<\/div>\n\t\t\t\t\t<\/div>\n\t\t<\/section>\n\t\t\t\t<\/div>\n\t\t","protected":false},"excerpt":{"rendered":"<p>Mennyezeti r\u00f6gz\u00edt\u0151 rendszer<\/p>\n","protected":false},"author":1,"featured_media":0,"parent":0,"menu_order":0,"comment_status":"closed","ping_status":"closed","template":"","meta":{"footnotes":""},"class_list":["post-18653","page","type-page","status-publish","hentry"],"_links":{"self":[{"href":"https:\/\/europe-rigid.com\/hu\/wp-json\/wp\/v2\/pages\/18653","targetHints":{"allow":["GET"]}}],"collection":[{"href":"https:\/\/europe-rigid.com\/hu\/wp-json\/wp\/v2\/pages"}],"about":[{"href":"https:\/\/europe-rigid.com\/hu\/wp-json\/wp\/v2\/types\/page"}],"author":[{"embeddable":true,"href":"https:\/\/europe-rigid.com\/hu\/wp-json\/wp\/v2\/users\/1"}],"replies":[{"embeddable":true,"href":"https:\/\/europe-rigid.com\/hu\/wp-json\/wp\/v2\/comments?post=18653"}],"version-history":[{"count":3,"href":"https:\/\/europe-rigid.com\/hu\/wp-json\/wp\/v2\/pages\/18653\/revisions"}],"predecessor-version":[{"id":18657,"href":"https:\/\/europe-rigid.com\/hu\/wp-json\/wp\/v2\/pages\/18653\/revisions\/18657"}],"wp:attachment":[{"href":"https:\/\/europe-rigid.com\/hu\/wp-json\/wp\/v2\/media?parent=18653"}],"curies":[{"name":"wp","href":"https:\/\/api.w.org\/{rel}","templated":true}]}}