{"id":2085,"date":"2019-02-11T12:41:47","date_gmt":"2019-02-11T11:41:47","guid":{"rendered":"http:\/\/europe-rigid.com\/rental\/"},"modified":"2022-09-21T09:45:50","modified_gmt":"2022-09-21T07:45:50","slug":"rental","status":"publish","type":"page","link":"https:\/\/europe-rigid.com\/it\/rental\/","title":{"rendered":"Locazione"},"content":{"rendered":"\t\t<div data-elementor-type=\"wp-post\" data-elementor-id=\"2085\" class=\"elementor elementor-2085\" data-elementor-post-type=\"page\">\n\t\t\t\t\t\t<section class=\"elementor-section elementor-top-section elementor-element elementor-element-27e1ebf elementor-section-boxed elementor-section-height-default elementor-section-height-default\" data-id=\"27e1ebf\" data-element_type=\"section\" data-e-type=\"section\">\n\t\t\t\t\t\t<div class=\"elementor-container elementor-column-gap-default\">\n\t\t\t\t\t<div class=\"elementor-column elementor-col-100 elementor-top-column elementor-element elementor-element-c661f66\" data-id=\"c661f66\" data-element_type=\"column\" data-e-type=\"column\">\n\t\t\t<div class=\"elementor-widget-wrap elementor-element-populated\">\n\t\t\t\t\t\t<div class=\"elementor-element elementor-element-0139aeb elementor-widget elementor-widget-text-editor\" data-id=\"0139aeb\" data-element_type=\"widget\" data-e-type=\"widget\" data-widget_type=\"text-editor.default\">\n\t\t\t\t\t\t\t\t\t<p>Rigid facilita alla Vostra societ\u00e0 il raggiungimento di nuovi obbiettivi senza l\u2019accesso alle Vostre risorse finanziarie \u2013 ci\u00f2 nonostante manterrete il controllo completo delle spese e cos\u00ec eviterete gli investimenti. Questo \u00e8 la scelta giusta se volete evitare le limitazioni previste dalla capacit\u00e0 d\u2019esercizio ed il capitale. Avete la possibilit\u00e0 di ottenere una commissione interessante ma non sapete se il contratto sar\u00e0 a lungo termine? Avete bisogno ad ingrandire il vostro numero di sollevatori per un tempo determinato? Abbiamo una soluzione flessibile per voi. Usate il servizio di Rigit Rent. Scegliete dalla nostra offerta dei sollevatori per il montaggio degli ascensori.\u00a0<\/p><p>Currently we offer rental of models LTD100 with accessories and with integrated control box &#8211; suitable for elevator sector. Minimum rental period is 2 weeks. Please contact us for more information: sales@europe-rigid.com .<\/p><p>Individual rental conditions possible in case of long-term rental interest of more pieces.<\/p>\t\t\t\t\t\t\t\t<\/div>\n\t\t\t\t\t<\/div>\n\t\t<\/div>\n\t\t\t\t\t<\/div>\n\t\t<\/section>\n\t\t\t\t<\/div>\n\t\t","protected":false},"excerpt":{"rendered":"<p>Rigid facilita alla Vostra societ\u00e0 il raggiungimento di nuovi obbiettivi senza l\u2019accesso alle Vostre risorse finanziarie \u2013 ci\u00f2 nonostante manterrete il controllo completo delle spese e cos\u00ec eviterete gli investimenti. Questo \u00e8 la scelta giusta se volete evitare le limitazioni &hellip; <a class=\"kt-excerpt-readmore more-link\" href=\"https:\/\/europe-rigid.com\/it\/rental\/\" aria-label=\"Locazione\">Continua a leggere<\/a><\/p>\n","protected":false},"author":1,"featured_media":0,"parent":0,"menu_order":0,"comment_status":"closed","ping_status":"closed","template":"","meta":{"footnotes":""},"class_list":["post-2085","page","type-page","status-publish","hentry"],"_links":{"self":[{"href":"https:\/\/europe-rigid.com\/it\/wp-json\/wp\/v2\/pages\/2085","targetHints":{"allow":["GET"]}}],"collection":[{"href":"https:\/\/europe-rigid.com\/it\/wp-json\/wp\/v2\/pages"}],"about":[{"href":"https:\/\/europe-rigid.com\/it\/wp-json\/wp\/v2\/types\/page"}],"author":[{"embeddable":true,"href":"https:\/\/europe-rigid.com\/it\/wp-json\/wp\/v2\/users\/1"}],"replies":[{"embeddable":true,"href":"https:\/\/europe-rigid.com\/it\/wp-json\/wp\/v2\/comments?post=2085"}],"version-history":[{"count":3,"href":"https:\/\/europe-rigid.com\/it\/wp-json\/wp\/v2\/pages\/2085\/revisions"}],"predecessor-version":[{"id":95836,"href":"https:\/\/europe-rigid.com\/it\/wp-json\/wp\/v2\/pages\/2085\/revisions\/95836"}],"wp:attachment":[{"href":"https:\/\/europe-rigid.com\/it\/wp-json\/wp\/v2\/media?parent=2085"}],"curies":[{"name":"wp","href":"https:\/\/api.w.org\/{rel}","templated":true}]}}