{"id":2169,"date":"2019-02-11T12:37:12","date_gmt":"2019-02-11T11:37:12","guid":{"rendered":"http:\/\/europe-rigid.com\/product\/"},"modified":"2021-08-13T12:23:01","modified_gmt":"2021-08-13T10:23:01","slug":"product","status":"publish","type":"page","link":"https:\/\/europe-rigid.com\/pl\/product\/","title":{"rendered":"Produkt"},"content":{"rendered":"\t\t<div data-elementor-type=\"wp-post\" data-elementor-id=\"2169\" class=\"elementor elementor-2169\" data-elementor-post-type=\"page\">\n\t\t\t\t\t\t<section class=\"elementor-section elementor-top-section elementor-element elementor-element-4b232506 elementor-section-stretched elementor-section-height-min-height elementor-section-boxed elementor-section-height-default elementor-section-items-middle\" data-id=\"4b232506\" data-element_type=\"section\" data-e-type=\"section\" data-settings=\"{&quot;stretch_section&quot;:&quot;section-stretched&quot;,&quot;background_background&quot;:&quot;classic&quot;}\">\n\t\t\t\t\t\t<div class=\"elementor-container elementor-column-gap-default\">\n\t\t\t\t\t<div class=\"elementor-column elementor-col-100 elementor-top-column elementor-element elementor-element-60a3d5cd\" data-id=\"60a3d5cd\" data-element_type=\"column\" data-e-type=\"column\">\n\t\t\t<div class=\"elementor-widget-wrap elementor-element-populated\">\n\t\t\t\t\t\t<div class=\"elementor-element elementor-element-639cd079 elementor-widget elementor-widget-heading\" data-id=\"639cd079\" data-element_type=\"widget\" data-e-type=\"widget\" data-widget_type=\"heading.default\">\n\t\t\t\t\t<h2 class=\"elementor-heading-title elementor-size-default\">Product<\/h2>\t\t\t\t<\/div>\n\t\t\t\t\t<\/div>\n\t\t<\/div>\n\t\t\t\t\t<\/div>\n\t\t<\/section>\n\t\t\t\t<section class=\"elementor-section elementor-top-section elementor-element elementor-element-6331aaa elementor-section-boxed elementor-section-height-default elementor-section-height-default\" data-id=\"6331aaa\" data-element_type=\"section\" data-e-type=\"section\">\n\t\t\t\t\t\t<div class=\"elementor-container elementor-column-gap-default\">\n\t\t\t\t\t<div class=\"elementor-column elementor-col-100 elementor-top-column elementor-element elementor-element-3a8019c\" data-id=\"3a8019c\" data-element_type=\"column\" data-e-type=\"column\">\n\t\t\t<div class=\"elementor-widget-wrap elementor-element-populated\">\n\t\t\t\t\t\t<div class=\"elementor-element elementor-element-c081ad3 elementor-grid-4 elementor-grid-tablet-2 elementor-grid-mobile-1 elementor-invisible elementor-widget elementor-widget-portfolio\" data-id=\"c081ad3\" data-element_type=\"widget\" data-e-type=\"widget\" data-settings=\"{&quot;columns&quot;:&quot;4&quot;,&quot;item_ratio&quot;:{&quot;unit&quot;:&quot;px&quot;,&quot;size&quot;:1,&quot;sizes&quot;:[]},&quot;row_gap&quot;:{&quot;unit&quot;:&quot;px&quot;,&quot;size&quot;:21,&quot;sizes&quot;:[]},&quot;_animation&quot;:&quot;fadeIn&quot;,&quot;columns_tablet&quot;:&quot;2&quot;,&quot;columns_mobile&quot;:&quot;1&quot;,&quot;item_gap&quot;:{&quot;unit&quot;:&quot;px&quot;,&quot;size&quot;:&quot;&quot;,&quot;sizes&quot;:[]}}\" data-widget_type=\"portfolio.default\">\n\t\t\t\t<div class=\"elementor-widget-container\">\n\t\t\t\t\t\t\t<div class=\"elementor-portfolio elementor-grid elementor-posts-container\" role=\"list\">\n\t\t\t\t<article class=\"elementor-portfolio-item elementor-post  post-2176 portfolio type-portfolio status-publish has-post-thumbnail hentry\" role=\"listitem\">\n\t\t\t<a class=\"elementor-post__thumbnail__link\" href=\"https:\/\/europe-rigid.com\/pl\/portfolio\/ltd-p-series-man-riding-hoist\/\">\n\t\t\t\t<div class=\"elementor-portfolio-item__img elementor-post__thumbnail\">\n\t\t\t<img fetchpriority=\"high\" decoding=\"async\" width=\"768\" height=\"614\" src=\"https:\/\/europe-rigid.com\/wp-content\/uploads\/2019\/02\/tishengji-wutubiao-768x614.jpg\" class=\"attachment-medium_large size-medium_large wp-image-2177\" alt=\"\" srcset=\"https:\/\/europe-rigid.com\/wp-content\/uploads\/2019\/02\/tishengji-wutubiao-768x614.jpg 768w, https:\/\/europe-rigid.com\/wp-content\/uploads\/2019\/02\/tishengji-wutubiao-300x240.jpg 300w, https:\/\/europe-rigid.com\/wp-content\/uploads\/2019\/02\/tishengji-wutubiao-1024x818.jpg 1024w, https:\/\/europe-rigid.com\/wp-content\/uploads\/2019\/02\/tishengji-wutubiao-1140x911.jpg 1140w, https:\/\/europe-rigid.com\/wp-content\/uploads\/2019\/02\/tishengji-wutubiao-720x576.jpg 720w, https:\/\/europe-rigid.com\/wp-content\/uploads\/2019\/02\/tishengji-wutubiao-360x288.jpg 360w, https:\/\/europe-rigid.com\/wp-content\/uploads\/2019\/02\/tishengji-wutubiao.jpg 1900w\" sizes=\"(max-width: 768px) 100vw, 768px\" \/>\t\t<\/div>\n\t\t\t\t<div class=\"elementor-portfolio-item__overlay\">\n\t\t\t\t<h3 class=\"elementor-portfolio-item__title\">\n\t\tWci\u0105gniki do transportu os\u00f3b serii LTD-P 500-1000 kg\t\t<\/h3>\n\t\t\t\t<\/div>\n\t\t\t\t<\/a>\n\t\t<\/article>\n\t\t\t\t<article class=\"elementor-portfolio-item elementor-post  post-2178 portfolio type-portfolio status-publish has-post-thumbnail hentry\" role=\"listitem\">\n\t\t\t<a class=\"elementor-post__thumbnail__link\" href=\"https:\/\/europe-rigid.com\/pl\/portfolio\/ltd200-traction-hoist\/\">\n\t\t\t\t<div class=\"elementor-portfolio-item__img elementor-post__thumbnail\">\n\t\t\t<img decoding=\"async\" width=\"640\" height=\"640\" src=\"https:\/\/europe-rigid.com\/wp-content\/uploads\/2019\/02\/LTD200.png\" class=\"attachment-medium_large size-medium_large wp-image-2179\" alt=\"\" srcset=\"https:\/\/europe-rigid.com\/wp-content\/uploads\/2019\/02\/LTD200.png 640w, https:\/\/europe-rigid.com\/wp-content\/uploads\/2019\/02\/LTD200-150x150.png 150w, https:\/\/europe-rigid.com\/wp-content\/uploads\/2019\/02\/LTD200-300x300.png 300w, https:\/\/europe-rigid.com\/wp-content\/uploads\/2019\/02\/LTD200-600x600.png 600w, https:\/\/europe-rigid.com\/wp-content\/uploads\/2019\/02\/LTD200-120x120.png 120w, https:\/\/europe-rigid.com\/wp-content\/uploads\/2019\/02\/LTD200-60x60.png 60w, https:\/\/europe-rigid.com\/wp-content\/uploads\/2019\/02\/LTD200-360x360.png 360w\" sizes=\"(max-width: 640px) 100vw, 640px\" \/>\t\t<\/div>\n\t\t\t\t<div class=\"elementor-portfolio-item__overlay\">\n\t\t\t\t<h3 class=\"elementor-portfolio-item__title\">\n\t\tWci\u0105gniki trakcyjne do transportu os\u00f3b serii LTD200 -2000 kg\t\t<\/h3>\n\t\t\t\t<\/div>\n\t\t\t\t<\/a>\n\t\t<\/article>\n\t\t\t\t<article class=\"elementor-portfolio-item elementor-post  post-2180 portfolio type-portfolio status-publish has-post-thumbnail hentry\" role=\"listitem\">\n\t\t\t<a class=\"elementor-post__thumbnail__link\" href=\"https:\/\/europe-rigid.com\/pl\/portfolio\/eip-false-car\/\">\n\t\t\t\t<div class=\"elementor-portfolio-item__img elementor-post__thumbnail\">\n\t\t\t<img decoding=\"async\" width=\"768\" height=\"772\" src=\"https:\/\/europe-rigid.com\/wp-content\/uploads\/2019\/02\/AZPT-RIGID-False-car-Kopie-768x772.png\" class=\"attachment-medium_large size-medium_large wp-image-75981\" alt=\"\" srcset=\"https:\/\/europe-rigid.com\/wp-content\/uploads\/2019\/02\/AZPT-RIGID-False-car-Kopie-768x772.png 768w, https:\/\/europe-rigid.com\/wp-content\/uploads\/2019\/02\/AZPT-RIGID-False-car-Kopie-1019x1024.png 1019w, https:\/\/europe-rigid.com\/wp-content\/uploads\/2019\/02\/AZPT-RIGID-False-car-Kopie-150x150.png 150w, https:\/\/europe-rigid.com\/wp-content\/uploads\/2019\/02\/AZPT-RIGID-False-car-Kopie-1529x1536.png 1529w, https:\/\/europe-rigid.com\/wp-content\/uploads\/2019\/02\/AZPT-RIGID-False-car-Kopie-720x724.png 720w, https:\/\/europe-rigid.com\/wp-content\/uploads\/2019\/02\/AZPT-RIGID-False-car-Kopie-360x362.png 360w, https:\/\/europe-rigid.com\/wp-content\/uploads\/2019\/02\/AZPT-RIGID-False-car-Kopie.png 1736w\" sizes=\"(max-width: 768px) 100vw, 768px\" \/>\t\t<\/div>\n\t\t\t\t<div class=\"elementor-portfolio-item__overlay\">\n\t\t\t\t<h3 class=\"elementor-portfolio-item__title\">\n\t\tFa\u0142szywa kabina AZPT\t\t<\/h3>\n\t\t\t\t<\/div>\n\t\t\t\t<\/a>\n\t\t<\/article>\n\t\t\t\t<article class=\"elementor-portfolio-item elementor-post  post-2182 portfolio type-portfolio status-publish has-post-thumbnail hentry\" role=\"listitem\">\n\t\t\t<a class=\"elementor-post__thumbnail__link\" href=\"https:\/\/europe-rigid.com\/pl\/portfolio\/fall-arrester\/\">\n\t\t\t\t<div class=\"elementor-portfolio-item__img elementor-post__thumbnail\">\n\t\t\t<img loading=\"lazy\" decoding=\"async\" width=\"640\" height=\"640\" src=\"https:\/\/europe-rigid.com\/wp-content\/uploads\/2019\/02\/OSL.jpg\" class=\"attachment-medium_large size-medium_large wp-image-2183\" alt=\"\" srcset=\"https:\/\/europe-rigid.com\/wp-content\/uploads\/2019\/02\/OSL.jpg 640w, https:\/\/europe-rigid.com\/wp-content\/uploads\/2019\/02\/OSL-150x150.jpg 150w, https:\/\/europe-rigid.com\/wp-content\/uploads\/2019\/02\/OSL-300x300.jpg 300w, https:\/\/europe-rigid.com\/wp-content\/uploads\/2019\/02\/OSL-600x600.jpg 600w, https:\/\/europe-rigid.com\/wp-content\/uploads\/2019\/02\/OSL-120x120.jpg 120w, https:\/\/europe-rigid.com\/wp-content\/uploads\/2019\/02\/OSL-60x60.jpg 60w, https:\/\/europe-rigid.com\/wp-content\/uploads\/2019\/02\/OSL-480x480.jpg 480w, https:\/\/europe-rigid.com\/wp-content\/uploads\/2019\/02\/OSL-240x240.jpg 240w, https:\/\/europe-rigid.com\/wp-content\/uploads\/2019\/02\/OSL-360x360.jpg 360w\" sizes=\"(max-width: 640px) 100vw, 640px\" \/>\t\t<\/div>\n\t\t\t\t<div class=\"elementor-portfolio-item__overlay\">\n\t\t\t\t<h3 class=\"elementor-portfolio-item__title\">\n\t\tUrz\u0105dzenie samohamowne przed upadkiem serii OSL\t\t<\/h3>\n\t\t\t\t<\/div>\n\t\t\t\t<\/a>\n\t\t<\/article>\n\t\t\t\t<article class=\"elementor-portfolio-item elementor-post  post-12994 portfolio type-portfolio status-publish has-post-thumbnail hentry\" role=\"listitem\">\n\t\t\t<a class=\"elementor-post__thumbnail__link\" href=\"https:\/\/europe-rigid.com\/pl\/portfolio\/urzadzenie-zapobiegajace-przechylaniu-lsf\/\">\n\t\t\t\t<div class=\"elementor-portfolio-item__img elementor-post__thumbnail\">\n\t\t\t<img loading=\"lazy\" decoding=\"async\" width=\"480\" height=\"480\" src=\"https:\/\/europe-rigid.com\/wp-content\/uploads\/2020\/09\/ezgif-1-0254ae0fa216.jpg\" class=\"attachment-medium_large size-medium_large wp-image-8828\" alt=\"\" srcset=\"https:\/\/europe-rigid.com\/wp-content\/uploads\/2020\/09\/ezgif-1-0254ae0fa216.jpg 480w, https:\/\/europe-rigid.com\/wp-content\/uploads\/2020\/09\/ezgif-1-0254ae0fa216-300x300.jpg 300w, https:\/\/europe-rigid.com\/wp-content\/uploads\/2020\/09\/ezgif-1-0254ae0fa216-150x150.jpg 150w, https:\/\/europe-rigid.com\/wp-content\/uploads\/2020\/09\/ezgif-1-0254ae0fa216-360x360.jpg 360w, https:\/\/europe-rigid.com\/wp-content\/uploads\/2020\/09\/ezgif-1-0254ae0fa216-240x240.jpg 240w\" sizes=\"(max-width: 480px) 100vw, 480px\" \/>\t\t<\/div>\n\t\t\t\t<div class=\"elementor-portfolio-item__overlay\">\n\t\t\t\t<h3 class=\"elementor-portfolio-item__title\">\n\t\tUrz\u0105dzenie zapobiegaj\u0105ce przechylaniu LSF\t\t<\/h3>\n\t\t\t\t<\/div>\n\t\t\t\t<\/a>\n\t\t<\/article>\n\t\t\t\t<article class=\"elementor-portfolio-item elementor-post  post-12998 portfolio type-portfolio status-publish has-post-thumbnail hentry\" role=\"listitem\">\n\t\t\t<a class=\"elementor-post__thumbnail__link\" href=\"https:\/\/europe-rigid.com\/pl\/portfolio\/mobilny-podnosnik-do-materialow\/\">\n\t\t\t\t<div class=\"elementor-portfolio-item__img elementor-post__thumbnail\">\n\t\t\t<img loading=\"lazy\" decoding=\"async\" width=\"480\" height=\"480\" src=\"https:\/\/europe-rigid.com\/wp-content\/uploads\/2020\/09\/ezgif-1-175e6e9a8db6.jpg\" class=\"attachment-medium_large size-medium_large wp-image-8668\" alt=\"\" srcset=\"https:\/\/europe-rigid.com\/wp-content\/uploads\/2020\/09\/ezgif-1-175e6e9a8db6.jpg 480w, https:\/\/europe-rigid.com\/wp-content\/uploads\/2020\/09\/ezgif-1-175e6e9a8db6-300x300.jpg 300w, https:\/\/europe-rigid.com\/wp-content\/uploads\/2020\/09\/ezgif-1-175e6e9a8db6-150x150.jpg 150w, https:\/\/europe-rigid.com\/wp-content\/uploads\/2020\/09\/ezgif-1-175e6e9a8db6-360x360.jpg 360w, https:\/\/europe-rigid.com\/wp-content\/uploads\/2020\/09\/ezgif-1-175e6e9a8db6-240x240.jpg 240w\" sizes=\"(max-width: 480px) 100vw, 480px\" \/>\t\t<\/div>\n\t\t\t\t<div class=\"elementor-portfolio-item__overlay\">\n\t\t\t\t<h3 class=\"elementor-portfolio-item__title\">\n\t\tMobilny podno\u015bnik do materia\u0142\u00f3w\t\t<\/h3>\n\t\t\t\t<\/div>\n\t\t\t\t<\/a>\n\t\t<\/article>\n\t\t\t\t<article class=\"elementor-portfolio-item elementor-post  post-13002 portfolio type-portfolio status-publish has-post-thumbnail hentry\" role=\"listitem\">\n\t\t\t<a class=\"elementor-post__thumbnail__link\" href=\"https:\/\/europe-rigid.com\/pl\/portfolio\/sprzet-do-podnoszenia-materialow\/\">\n\t\t\t\t<div class=\"elementor-portfolio-item__img elementor-post__thumbnail\">\n\t\t\t<img loading=\"lazy\" decoding=\"async\" width=\"480\" height=\"480\" src=\"https:\/\/europe-rigid.com\/wp-content\/uploads\/2020\/09\/ezgif-1-e8ffb188f8d2.jpg\" class=\"attachment-medium_large size-medium_large wp-image-8651\" alt=\"\" srcset=\"https:\/\/europe-rigid.com\/wp-content\/uploads\/2020\/09\/ezgif-1-e8ffb188f8d2.jpg 480w, https:\/\/europe-rigid.com\/wp-content\/uploads\/2020\/09\/ezgif-1-e8ffb188f8d2-300x300.jpg 300w, https:\/\/europe-rigid.com\/wp-content\/uploads\/2020\/09\/ezgif-1-e8ffb188f8d2-150x150.jpg 150w, https:\/\/europe-rigid.com\/wp-content\/uploads\/2020\/09\/ezgif-1-e8ffb188f8d2-360x360.jpg 360w\" sizes=\"(max-width: 480px) 100vw, 480px\" \/>\t\t<\/div>\n\t\t\t\t<div class=\"elementor-portfolio-item__overlay\">\n\t\t\t\t<h3 class=\"elementor-portfolio-item__title\">\n\t\tSprz\u0119t do podnoszenia materia\u0142\u00f3w\t\t<\/h3>\n\t\t\t\t<\/div>\n\t\t\t\t<\/a>\n\t\t<\/article>\n\t\t\t\t<article class=\"elementor-portfolio-item elementor-post  post-13096 page type-page status-publish has-post-thumbnail hentry\" role=\"listitem\">\n\t\t\t<a class=\"elementor-post__thumbnail__link\" href=\"https:\/\/europe-rigid.com\/pl\/platforma-zawieszana\/\">\n\t\t\t\t<div class=\"elementor-portfolio-item__img elementor-post__thumbnail\">\n\t\t\t<img loading=\"lazy\" decoding=\"async\" width=\"700\" height=\"700\" src=\"https:\/\/europe-rigid.com\/wp-content\/uploads\/2020\/10\/platform.jpg\" class=\"attachment-medium_large size-medium_large wp-image-9086\" alt=\"\" srcset=\"https:\/\/europe-rigid.com\/wp-content\/uploads\/2020\/10\/platform.jpg 700w, https:\/\/europe-rigid.com\/wp-content\/uploads\/2020\/10\/platform-300x300.jpg 300w, https:\/\/europe-rigid.com\/wp-content\/uploads\/2020\/10\/platform-150x150.jpg 150w, https:\/\/europe-rigid.com\/wp-content\/uploads\/2020\/10\/platform-360x360.jpg 360w\" sizes=\"(max-width: 700px) 100vw, 700px\" \/>\t\t<\/div>\n\t\t\t\t<div class=\"elementor-portfolio-item__overlay\">\n\t\t\t\t<h3 class=\"elementor-portfolio-item__title\">\n\t\tPlatforma zawieszana\t\t<\/h3>\n\t\t\t\t<\/div>\n\t\t\t\t<\/a>\n\t\t<\/article>\n\t\t\t\t<\/div>\n\t\t\t\t\t\t<\/div>\n\t\t\t\t<\/div>\n\t\t\t\t\t<\/div>\n\t\t<\/div>\n\t\t\t\t\t<\/div>\n\t\t<\/section>\n\t\t\t\t<\/div>\n\t\t","protected":false},"excerpt":{"rendered":"<p>Product<\/p>\n","protected":false},"author":1,"featured_media":0,"parent":0,"menu_order":0,"comment_status":"closed","ping_status":"closed","template":"","meta":{"footnotes":""},"class_list":["post-2169","page","type-page","status-publish","hentry"],"_links":{"self":[{"href":"https:\/\/europe-rigid.com\/pl\/wp-json\/wp\/v2\/pages\/2169","targetHints":{"allow":["GET"]}}],"collection":[{"href":"https:\/\/europe-rigid.com\/pl\/wp-json\/wp\/v2\/pages"}],"about":[{"href":"https:\/\/europe-rigid.com\/pl\/wp-json\/wp\/v2\/types\/page"}],"author":[{"embeddable":true,"href":"https:\/\/europe-rigid.com\/pl\/wp-json\/wp\/v2\/users\/1"}],"replies":[{"embeddable":true,"href":"https:\/\/europe-rigid.com\/pl\/wp-json\/wp\/v2\/comments?post=2169"}],"version-history":[{"count":3,"href":"https:\/\/europe-rigid.com\/pl\/wp-json\/wp\/v2\/pages\/2169\/revisions"}],"predecessor-version":[{"id":53614,"href":"https:\/\/europe-rigid.com\/pl\/wp-json\/wp\/v2\/pages\/2169\/revisions\/53614"}],"wp:attachment":[{"href":"https:\/\/europe-rigid.com\/pl\/wp-json\/wp\/v2\/media?parent=2169"}],"curies":[{"name":"wp","href":"https:\/\/api.w.org\/{rel}","templated":true}]}}