{"id":5557,"date":"2019-08-23T11:59:13","date_gmt":"2019-08-23T09:59:13","guid":{"rendered":"http:\/\/europe-rigid.com\/contact\/thank-you-for-your-message\/"},"modified":"2019-08-23T12:53:27","modified_gmt":"2019-08-23T10:53:27","slug":"thank-you-for-your-message","status":"publish","type":"page","link":"https:\/\/europe-rigid.com\/pl\/contact\/thank-you-for-your-message\/","title":{"rendered":"Dzi\u0119kuj\u0119 za wiadomo\u015b\u0107"},"content":{"rendered":"\n<p style=\"text-align:center\">Formularz zosta\u0142 wys\u0142any pomy\u015blnie. Skontaktujemy si\u0119 z Pa\u0144stwem tak szybko jak to mo\u017cliwe.<\/p>\n","protected":false},"excerpt":{"rendered":"<p>Formularz zosta\u0142 wys\u0142any pomy\u015blnie. Skontaktujemy si\u0119 z Pa\u0144stwem tak szybko jak to mo\u017cliwe.<\/p>\n","protected":false},"author":1,"featured_media":0,"parent":2162,"menu_order":0,"comment_status":"closed","ping_status":"closed","template":"","meta":{"footnotes":""},"class_list":["post-5557","page","type-page","status-publish","hentry"],"_links":{"self":[{"href":"https:\/\/europe-rigid.com\/pl\/wp-json\/wp\/v2\/pages\/5557","targetHints":{"allow":["GET"]}}],"collection":[{"href":"https:\/\/europe-rigid.com\/pl\/wp-json\/wp\/v2\/pages"}],"about":[{"href":"https:\/\/europe-rigid.com\/pl\/wp-json\/wp\/v2\/types\/page"}],"author":[{"embeddable":true,"href":"https:\/\/europe-rigid.com\/pl\/wp-json\/wp\/v2\/users\/1"}],"replies":[{"embeddable":true,"href":"https:\/\/europe-rigid.com\/pl\/wp-json\/wp\/v2\/comments?post=5557"}],"version-history":[{"count":0,"href":"https:\/\/europe-rigid.com\/pl\/wp-json\/wp\/v2\/pages\/5557\/revisions"}],"up":[{"embeddable":true,"href":"https:\/\/europe-rigid.com\/pl\/wp-json\/wp\/v2\/pages\/2162"}],"wp:attachment":[{"href":"https:\/\/europe-rigid.com\/pl\/wp-json\/wp\/v2\/media?parent=5557"}],"curies":[{"name":"wp","href":"https:\/\/api.w.org\/{rel}","templated":true}]}}