{"id":2501,"date":"2019-02-11T12:41:47","date_gmt":"2019-02-11T11:41:47","guid":{"rendered":"http:\/\/europe-rigid.com\/rental\/"},"modified":"2022-09-21T09:37:57","modified_gmt":"2022-09-21T07:37:57","slug":"rental","status":"publish","type":"page","link":"https:\/\/europe-rigid.com\/sv\/rental\/","title":{"rendered":"Uthyrning"},"content":{"rendered":"\t\t<div data-elementor-type=\"wp-post\" data-elementor-id=\"2501\" class=\"elementor elementor-2501\" data-elementor-post-type=\"page\">\n\t\t\t\t\t\t<section class=\"elementor-section elementor-top-section elementor-element elementor-element-27e1ebf elementor-section-boxed elementor-section-height-default elementor-section-height-default\" data-id=\"27e1ebf\" data-element_type=\"section\" data-e-type=\"section\">\n\t\t\t\t\t\t<div class=\"elementor-container elementor-column-gap-default\">\n\t\t\t\t\t<div class=\"elementor-column elementor-col-100 elementor-top-column elementor-element elementor-element-c661f66\" data-id=\"c661f66\" data-element_type=\"column\" data-e-type=\"column\">\n\t\t\t<div class=\"elementor-widget-wrap elementor-element-populated\">\n\t\t\t\t\t\t<div class=\"elementor-element elementor-element-0139aeb elementor-widget elementor-widget-text-editor\" data-id=\"0139aeb\" data-element_type=\"widget\" data-e-type=\"widget\" data-widget_type=\"text-editor.default\">\n\t\t\t\t\t\t\t\t\t<p>Rigid Rent underl\u00e4ttar f\u00f6r ert f\u00f6retag att anta nya utmaningar utan att \u00f6verskrida era kapacitetsgr\u00e4nser \u2013 samtidigt beh\u00e5ller ni full kontroll \u00f6ver era utgifter och undviker investeringar. Detta \u00e4r ett bra val n\u00e4r ni vill undvika bindning av operativ kapacitet och kapital. Har ni m\u00f6jlighet att vinna en intressant order men \u00e4r inte s\u00e4kra p\u00e5 om kontraktet kommer att vara l\u00e5ngvarigt? Beh\u00f6ver ni under en begr\u00e4nsad tid h\u00f6ja antalet av era lyftblock? Vi har en flexibel l\u00f6sning f\u00f6r er. Anv\u00e4nd tj\u00e4nsten Rigit Rent. V\u00e4lj fr\u00e5n v\u00e5rt utbud av lyftblock f\u00f6r hissmontering.&nbsp;<\/p>\n<p>Currently we offer rental of models LTD100 with accessories and with integrated control box &#8211; suitable for elevator sector. Minimum rental period is 2 weeks. Please contact us for more information: sales@europe-rigid.com .<\/p>\n<p>Individual rental conditions possible in case of long-term rental interest of more pieces.<\/p>\n\t\t\t\t\t\t\t\t<\/div>\n\t\t\t\t\t<\/div>\n\t\t<\/div>\n\t\t\t\t\t<\/div>\n\t\t<\/section>\n\t\t\t\t<\/div>\n\t\t","protected":false},"excerpt":{"rendered":"<p>Rigid Rent underl\u00e4ttar f\u00f6r ert f\u00f6retag att anta nya utmaningar utan att \u00f6verskrida era kapacitetsgr\u00e4nser \u2013 samtidigt beh\u00e5ller ni full kontroll \u00f6ver era utgifter och undviker investeringar. Detta \u00e4r ett bra val n\u00e4r ni vill undvika bindning av operativ kapacitet &hellip; <a class=\"kt-excerpt-readmore more-link\" href=\"https:\/\/europe-rigid.com\/sv\/rental\/\" aria-label=\"Uthyrning\">Read More<\/a><\/p>\n","protected":false},"author":1,"featured_media":0,"parent":0,"menu_order":0,"comment_status":"closed","ping_status":"closed","template":"","meta":{"footnotes":""},"class_list":["post-2501","page","type-page","status-publish","hentry"],"_links":{"self":[{"href":"https:\/\/europe-rigid.com\/sv\/wp-json\/wp\/v2\/pages\/2501","targetHints":{"allow":["GET"]}}],"collection":[{"href":"https:\/\/europe-rigid.com\/sv\/wp-json\/wp\/v2\/pages"}],"about":[{"href":"https:\/\/europe-rigid.com\/sv\/wp-json\/wp\/v2\/types\/page"}],"author":[{"embeddable":true,"href":"https:\/\/europe-rigid.com\/sv\/wp-json\/wp\/v2\/users\/1"}],"replies":[{"embeddable":true,"href":"https:\/\/europe-rigid.com\/sv\/wp-json\/wp\/v2\/comments?post=2501"}],"version-history":[{"count":3,"href":"https:\/\/europe-rigid.com\/sv\/wp-json\/wp\/v2\/pages\/2501\/revisions"}],"predecessor-version":[{"id":95821,"href":"https:\/\/europe-rigid.com\/sv\/wp-json\/wp\/v2\/pages\/2501\/revisions\/95821"}],"wp:attachment":[{"href":"https:\/\/europe-rigid.com\/sv\/wp-json\/wp\/v2\/media?parent=2501"}],"curies":[{"name":"wp","href":"https:\/\/api.w.org\/{rel}","templated":true}]}}