{"id":5581,"date":"2019-08-23T11:59:13","date_gmt":"2019-08-23T09:59:13","guid":{"rendered":"http:\/\/europe-rigid.com\/contact\/thank-you-for-your-message\/"},"modified":"2019-08-23T13:02:53","modified_gmt":"2019-08-23T11:02:53","slug":"thank-you-for-your-message","status":"publish","type":"page","link":"https:\/\/europe-rigid.com\/sv\/contact\/thank-you-for-your-message\/","title":{"rendered":"Tack f\u00f6r ditt meddelande"},"content":{"rendered":"\n<p style=\"text-align:center\">Formul\u00e4ret skickades framg\u00e5ngsrikt. Vi kommer att kontakta dig s\u00e5 snart som m\u00f6jligt.<\/p>\n","protected":false},"excerpt":{"rendered":"<p>Formul\u00e4ret skickades framg\u00e5ngsrikt. Vi kommer att kontakta dig s\u00e5 snart som m\u00f6jligt.<\/p>\n","protected":false},"author":1,"featured_media":0,"parent":2502,"menu_order":0,"comment_status":"closed","ping_status":"closed","template":"","meta":{"footnotes":""},"class_list":["post-5581","page","type-page","status-publish","hentry"],"_links":{"self":[{"href":"https:\/\/europe-rigid.com\/sv\/wp-json\/wp\/v2\/pages\/5581","targetHints":{"allow":["GET"]}}],"collection":[{"href":"https:\/\/europe-rigid.com\/sv\/wp-json\/wp\/v2\/pages"}],"about":[{"href":"https:\/\/europe-rigid.com\/sv\/wp-json\/wp\/v2\/types\/page"}],"author":[{"embeddable":true,"href":"https:\/\/europe-rigid.com\/sv\/wp-json\/wp\/v2\/users\/1"}],"replies":[{"embeddable":true,"href":"https:\/\/europe-rigid.com\/sv\/wp-json\/wp\/v2\/comments?post=5581"}],"version-history":[{"count":0,"href":"https:\/\/europe-rigid.com\/sv\/wp-json\/wp\/v2\/pages\/5581\/revisions"}],"up":[{"embeddable":true,"href":"https:\/\/europe-rigid.com\/sv\/wp-json\/wp\/v2\/pages\/2502"}],"wp:attachment":[{"href":"https:\/\/europe-rigid.com\/sv\/wp-json\/wp\/v2\/media?parent=5581"}],"curies":[{"name":"wp","href":"https:\/\/api.w.org\/{rel}","templated":true}]}}