{"id":2531,"date":"2019-02-11T12:34:14","date_gmt":"2019-02-11T11:34:14","guid":{"rendered":"http:\/\/europe-rigid.com\/about-rigid\/"},"modified":"2019-05-18T13:41:18","modified_gmt":"2019-05-18T11:41:18","slug":"about-rigid","status":"publish","type":"page","link":"https:\/\/europe-rigid.com\/tr\/about-rigid\/","title":{"rendered":"RIGID Hakk\u0131nda"},"content":{"rendered":"\t\t<div data-elementor-type=\"wp-post\" data-elementor-id=\"2531\" class=\"elementor elementor-2531\" data-elementor-post-type=\"page\">\n\t\t\t\t\t\t<section class=\"elementor-section elementor-top-section elementor-element elementor-element-6d9d4e59 elementor-section-stretched elementor-section-height-min-height elementor-section-boxed elementor-section-height-default elementor-section-items-middle\" data-id=\"6d9d4e59\" data-element_type=\"section\" data-e-type=\"section\" data-settings=\"{&quot;stretch_section&quot;:&quot;section-stretched&quot;,&quot;background_background&quot;:&quot;classic&quot;}\">\n\t\t\t\t\t\t<div class=\"elementor-container elementor-column-gap-default\">\n\t\t\t\t\t<div class=\"elementor-column elementor-col-100 elementor-top-column elementor-element elementor-element-1bffc879\" data-id=\"1bffc879\" data-element_type=\"column\" data-e-type=\"column\">\n\t\t\t<div class=\"elementor-widget-wrap elementor-element-populated\">\n\t\t\t\t\t\t<div class=\"elementor-element elementor-element-796c2718 elementor-widget elementor-widget-heading\" data-id=\"796c2718\" data-element_type=\"widget\" data-e-type=\"widget\" data-widget_type=\"heading.default\">\n\t\t\t\t\t<h2 class=\"elementor-heading-title elementor-size-default\">Hakk\u0131m\u0131zda<\/h2>\t\t\t\t<\/div>\n\t\t\t\t<div class=\"elementor-element elementor-element-41e8b4f3 elementor-widget elementor-widget-text-editor\" data-id=\"41e8b4f3\" data-element_type=\"widget\" data-e-type=\"widget\" data-widget_type=\"text-editor.default\">\n\t\t\t\t\t\t\t\t\t<p>RIGID GmbH, Viyana\u2019da, Avrupa\u2019n\u0131n merkezinde yer almaktad\u0131r. Amac\u0131m\u0131z, ilk tercih etti\u011finiz tedarik\u00e7i olmakt\u0131r ve bu nedenle \u00f6nceli\u011fimiz de y\u00fcksek kaliteli \u00fcr\u00fcnlere makul fiyatlar vermektir. Profesyonel ekibimiz beklentilerinizi kar\u015f\u0131lamaya haz\u0131r. Uzmanlar\u0131m\u0131z\u0131n sadece yenilik\u00e7ilik, geli\u015fme ve sorumluluk sahibi tutumlar\u0131n\u0131n kar\u015f\u0131l\u0131kl\u0131 memnuniyet sa\u011flad\u0131\u011f\u0131n\u0131n fark\u0131nday\u0131z. Bu nedenle, g\u00fcvenlik ve rahatl\u0131\u011f\u0131 geli\u015ftirerek s\u00fcrekli olarak b\u00fcy\u00fcmek i\u00e7in u\u011fra\u015f\u0131yoruz. Gelecek i\u00e7in hedefimiz, Avrupa Birli\u011fi genelinde bir servis ortaklar\u0131 a\u011f\u0131 olu\u015fturmakt\u0131r.<\/p>\t\t\t\t\t\t\t\t<\/div>\n\t\t\t\t\t<\/div>\n\t\t<\/div>\n\t\t\t\t\t<\/div>\n\t\t<\/section>\n\t\t\t\t<section class=\"elementor-section elementor-top-section elementor-element elementor-element-b293230 elementor-section-boxed elementor-section-height-default elementor-section-height-default\" data-id=\"b293230\" data-element_type=\"section\" data-e-type=\"section\" data-settings=\"{&quot;background_background&quot;:&quot;classic&quot;}\">\n\t\t\t\t\t\t<div class=\"elementor-container elementor-column-gap-default\">\n\t\t\t\t\t<div class=\"elementor-column elementor-col-50 elementor-top-column elementor-element elementor-element-bfdcf25\" data-id=\"bfdcf25\" data-element_type=\"column\" data-e-type=\"column\">\n\t\t\t<div class=\"elementor-widget-wrap\">\n\t\t\t\t\t\t\t<\/div>\n\t\t<\/div>\n\t\t\t\t<div class=\"elementor-column elementor-col-50 elementor-top-column elementor-element elementor-element-f3adc5f\" data-id=\"f3adc5f\" data-element_type=\"column\" data-e-type=\"column\" data-settings=\"{&quot;background_background&quot;:&quot;classic&quot;}\">\n\t\t\t<div class=\"elementor-widget-wrap elementor-element-populated\">\n\t\t\t\t\t\t<div class=\"elementor-element elementor-element-a4f91a2 elementor-widget elementor-widget-heading\" data-id=\"a4f91a2\" data-element_type=\"widget\" data-e-type=\"widget\" data-widget_type=\"heading.default\">\n\t\t\t\t\t<h2 class=\"elementor-heading-title elementor-size-default\">Rigid Profili<\/h2>\t\t\t\t<\/div>\n\t\t\t\t<div class=\"elementor-element elementor-element-e305ddf elementor-widget-divider--view-line elementor-widget elementor-widget-divider\" data-id=\"e305ddf\" data-element_type=\"widget\" data-e-type=\"widget\" data-widget_type=\"divider.default\">\n\t\t\t\t\t\t\t<div class=\"elementor-divider\">\n\t\t\t<span class=\"elementor-divider-separator\">\n\t\t\t\t\t\t<\/span>\n\t\t<\/div>\n\t\t\t\t\t\t<\/div>\n\t\t\t\t<section class=\"elementor-section elementor-inner-section elementor-element elementor-element-b87e414 elementor-section-boxed elementor-section-height-default elementor-section-height-default\" data-id=\"b87e414\" data-element_type=\"section\" data-e-type=\"section\">\n\t\t\t\t\t\t<div class=\"elementor-container elementor-column-gap-default\">\n\t\t\t\t\t<div class=\"elementor-column elementor-col-50 elementor-inner-column elementor-element elementor-element-1479289 collection-10-no-col\" data-id=\"1479289\" data-element_type=\"column\" data-e-type=\"column\">\n\t\t\t<div class=\"elementor-widget-wrap elementor-element-populated\">\n\t\t\t\t\t\t<div class=\"elementor-element elementor-element-fddae6a collection-10-bgno elementor-widget elementor-widget-heading\" data-id=\"fddae6a\" data-element_type=\"widget\" data-e-type=\"widget\" data-widget_type=\"heading.default\">\n\t\t\t\t\t<div class=\"elementor-heading-title elementor-size-default\">1<\/div>\t\t\t\t<\/div>\n\t\t\t\t\t<\/div>\n\t\t<\/div>\n\t\t\t\t<div class=\"elementor-column elementor-col-50 elementor-inner-column elementor-element elementor-element-c4512b0\" data-id=\"c4512b0\" data-element_type=\"column\" data-e-type=\"column\">\n\t\t\t<div class=\"elementor-widget-wrap elementor-element-populated\">\n\t\t\t\t\t\t<div class=\"elementor-element elementor-element-f056334 elementor-widget elementor-widget-text-editor\" data-id=\"f056334\" data-element_type=\"widget\" data-e-type=\"widget\" data-widget_type=\"text-editor.default\">\n\t\t\t\t\t\t\t\t\t<p>Wuxi Rigid Machinery Co., Ltd. , Wuxi, Jiangsu eyaletinde resmedilmeye de\u011fer olan Taihu G\u00f6l\u00fc yak\u0131n\u0131nda yer almaktad\u0131r. Fabrika 15.000 metrekarelik bir alan \u00fczerine in\u015fa edilmi\u015ftir ve y\u00fcksekte \u00e7al\u0131\u015fmak \u00fczere asma iskeleler, bina bak\u0131m \u00fcniteleri ve y\u00fcksek iskeleleri imal etme ve geli\u015ftirme hususunda uzmanla\u015fm\u0131\u015ft\u0131r.<\/p>\t\t\t\t\t\t\t\t<\/div>\n\t\t\t\t\t<\/div>\n\t\t<\/div>\n\t\t\t\t\t<\/div>\n\t\t<\/section>\n\t\t\t\t<section class=\"elementor-section elementor-inner-section elementor-element elementor-element-896959a elementor-section-boxed elementor-section-height-default elementor-section-height-default\" data-id=\"896959a\" data-element_type=\"section\" data-e-type=\"section\">\n\t\t\t\t\t\t<div class=\"elementor-container elementor-column-gap-default\">\n\t\t\t\t\t<div class=\"elementor-column elementor-col-50 elementor-inner-column elementor-element elementor-element-7ed8a24 collection-10-no-col\" data-id=\"7ed8a24\" data-element_type=\"column\" data-e-type=\"column\">\n\t\t\t<div class=\"elementor-widget-wrap elementor-element-populated\">\n\t\t\t\t\t\t<div class=\"elementor-element elementor-element-f0c6c61 collection-10-bgno elementor-widget elementor-widget-heading\" data-id=\"f0c6c61\" data-element_type=\"widget\" data-e-type=\"widget\" data-widget_type=\"heading.default\">\n\t\t\t\t\t<div class=\"elementor-heading-title elementor-size-default\">2<\/div>\t\t\t\t<\/div>\n\t\t\t\t\t<\/div>\n\t\t<\/div>\n\t\t\t\t<div class=\"elementor-column elementor-col-50 elementor-inner-column elementor-element elementor-element-c26897a\" data-id=\"c26897a\" data-element_type=\"column\" data-e-type=\"column\">\n\t\t\t<div class=\"elementor-widget-wrap elementor-element-populated\">\n\t\t\t\t\t\t<div class=\"elementor-element elementor-element-970e7d2 elementor-widget elementor-widget-text-editor\" data-id=\"970e7d2\" data-element_type=\"widget\" data-e-type=\"widget\" data-widget_type=\"text-editor.default\">\n\t\t\t\t\t\t\t\t\t<p>M\u00fc\u015fterilerine, g\u00fc\u00e7l\u00fc tasar\u0131m ekibi, geli\u015fmi\u015f \u00fcretim ve test ekipmanlar\u0131, ola\u011fan\u00fcst\u00fc sat\u0131\u015f sonras\u0131 servis sistemi ve en geli\u015fmi\u015f teknolojik ara\u00e7larla y\u00fcksek i\u015fler i\u00e7in \u00e7\u00f6z\u00fcmler sunmaktad\u0131r.<br \/>\u015eirket, y\u00fcksekli\u011fe dayal\u0131 eri\u015fim ekipmanlar\u0131 i\u00e7in \u00c7in&#8217;in lider \u00fcreticisi haline geldi. Ayr\u0131ca \u00c7in&#8217;in Bina \u0130skelesi ve Bina Bak\u0131m \u00dcnitesi Ulusal Standard\u0131n\u0131n haz\u0131rlanmas\u0131na da kat\u0131lm\u0131\u015ft\u0131r.<\/p>\t\t\t\t\t\t\t\t<\/div>\n\t\t\t\t\t<\/div>\n\t\t<\/div>\n\t\t\t\t\t<\/div>\n\t\t<\/section>\n\t\t\t\t<section class=\"elementor-section elementor-inner-section elementor-element elementor-element-315abc5 elementor-section-boxed elementor-section-height-default elementor-section-height-default\" data-id=\"315abc5\" data-element_type=\"section\" data-e-type=\"section\">\n\t\t\t\t\t\t<div class=\"elementor-container elementor-column-gap-default\">\n\t\t\t\t\t<div class=\"elementor-column elementor-col-50 elementor-inner-column elementor-element elementor-element-b091425 collection-10-no-col\" data-id=\"b091425\" data-element_type=\"column\" data-e-type=\"column\">\n\t\t\t<div class=\"elementor-widget-wrap elementor-element-populated\">\n\t\t\t\t\t\t<div class=\"elementor-element elementor-element-b4ce509 collection-10-bgno elementor-widget elementor-widget-heading\" data-id=\"b4ce509\" data-element_type=\"widget\" data-e-type=\"widget\" data-widget_type=\"heading.default\">\n\t\t\t\t\t<div class=\"elementor-heading-title elementor-size-default\">3<\/div>\t\t\t\t<\/div>\n\t\t\t\t\t<\/div>\n\t\t<\/div>\n\t\t\t\t<div class=\"elementor-column elementor-col-50 elementor-inner-column elementor-element elementor-element-ac9a5b6\" data-id=\"ac9a5b6\" data-element_type=\"column\" data-e-type=\"column\">\n\t\t\t<div class=\"elementor-widget-wrap elementor-element-populated\">\n\t\t\t\t\t\t<div class=\"elementor-element elementor-element-8e5badf elementor-widget elementor-widget-text-editor\" data-id=\"8e5badf\" data-element_type=\"widget\" data-e-type=\"widget\" data-widget_type=\"text-editor.default\">\n\t\t\t\t\t\t\t\t\t<p>\u015eirketin Asma \u0130skeleleri ve Bina Bak\u0131m \u00dcniteleri geli\u015fmi\u015f tasar\u0131ma sahiptir, g\u00fcvenli, emniyetli ve kullan\u0131mlar\u0131 kolayd\u0131r, basit bak\u0131m gerektirirler ve d\u00fc\u015f\u00fck maliyetlidirler. \u00dcr\u00fcnler CE ve Rus GOST sertifikal\u0131d\u0131r. Y\u00fcksek katl\u0131 bina duvar in\u015faatlar\u0131nda, gemilerde, barajlarda, k\u00f6pr\u00fc in\u015faatlar\u0131nda ve bak\u0131m\u0131nda ve ayr\u0131ca y\u00fcksek katl\u0131 asans\u00f6r kurulumunda yayg\u0131n olarak kullan\u0131lmaktad\u0131r.<\/p>\t\t\t\t\t\t\t\t<\/div>\n\t\t\t\t\t<\/div>\n\t\t<\/div>\n\t\t\t\t\t<\/div>\n\t\t<\/section>\n\t\t\t\t<section class=\"elementor-section elementor-inner-section elementor-element elementor-element-f29654b elementor-section-boxed elementor-section-height-default elementor-section-height-default\" data-id=\"f29654b\" data-element_type=\"section\" data-e-type=\"section\">\n\t\t\t\t\t\t<div class=\"elementor-container elementor-column-gap-default\">\n\t\t\t\t\t<div class=\"elementor-column elementor-col-50 elementor-inner-column elementor-element elementor-element-5ebd35d collection-10-no-col\" data-id=\"5ebd35d\" data-element_type=\"column\" data-e-type=\"column\">\n\t\t\t<div class=\"elementor-widget-wrap elementor-element-populated\">\n\t\t\t\t\t\t<div class=\"elementor-element elementor-element-bc24e22 collection-10-bgno elementor-widget elementor-widget-heading\" data-id=\"bc24e22\" data-element_type=\"widget\" data-e-type=\"widget\" data-widget_type=\"heading.default\">\n\t\t\t\t\t<div class=\"elementor-heading-title elementor-size-default\">4<\/div>\t\t\t\t<\/div>\n\t\t\t\t\t<\/div>\n\t\t<\/div>\n\t\t\t\t<div class=\"elementor-column elementor-col-50 elementor-inner-column elementor-element elementor-element-aa53549\" data-id=\"aa53549\" data-element_type=\"column\" data-e-type=\"column\">\n\t\t\t<div class=\"elementor-widget-wrap elementor-element-populated\">\n\t\t\t\t\t\t<div class=\"elementor-element elementor-element-b8a80a4 elementor-widget elementor-widget-text-editor\" data-id=\"b8a80a4\" data-element_type=\"widget\" data-e-type=\"widget\" data-widget_type=\"text-editor.default\">\n\t\t\t\t\t\t\t\t\t<p>\u201cM\u00fc\u015fteri \u00d6ncelikli, Profesyonel Hizmet\u201d i\u015f felsefesine ba\u011fl\u0131 kalarak, \u015firket, \u00dcr\u00fcn Kalitesini i\u015fin \u00f6z\u00fc olarak ele ald\u0131 ve sekt\u00f6rde ve pazarda g\u00fc\u00e7l\u00fc bir \u00fcn kazand\u0131. \u015eirketin \u00fcr\u00fcnleri, Hong Kong, Macau ve Tayvan da dahil olmak \u00fczere t\u00fcm \u00fclkede sat\u0131lmakta ve Avrupa, Asya, G\u00fcney Amerika, vb. 20&#8217;den fazla \u00fclkeye ve b\u00f6lgeye ihra\u00e7 edilmektedir.<\/p>\t\t\t\t\t\t\t\t<\/div>\n\t\t\t\t\t<\/div>\n\t\t<\/div>\n\t\t\t\t\t<\/div>\n\t\t<\/section>\n\t\t\t\t\t<\/div>\n\t\t<\/div>\n\t\t\t\t\t<\/div>\n\t\t<\/section>\n\t\t\t\t<section class=\"elementor-section elementor-top-section elementor-element elementor-element-dc67565 elementor-section-boxed elementor-section-height-default elementor-section-height-default\" data-id=\"dc67565\" data-element_type=\"section\" data-e-type=\"section\" data-settings=\"{&quot;background_background&quot;:&quot;classic&quot;}\">\n\t\t\t\t\t\t<div class=\"elementor-container elementor-column-gap-default\">\n\t\t\t\t\t<div class=\"elementor-column elementor-col-50 elementor-top-column elementor-element elementor-element-3f67540\" data-id=\"3f67540\" data-element_type=\"column\" data-e-type=\"column\" data-settings=\"{&quot;background_background&quot;:&quot;classic&quot;}\">\n\t\t\t<div class=\"elementor-widget-wrap elementor-element-populated\">\n\t\t\t\t\t\t<div class=\"elementor-element elementor-element-a084033 elementor-widget elementor-widget-heading\" data-id=\"a084033\" data-element_type=\"widget\" data-e-type=\"widget\" data-widget_type=\"heading.default\">\n\t\t\t\t\t<h2 class=\"elementor-heading-title elementor-size-default\">\u00c7al\u0131\u015fma S\u00fcrecimiz<\/h2>\t\t\t\t<\/div>\n\t\t\t\t<div class=\"elementor-element elementor-element-f0a3850 elementor-widget-divider--view-line elementor-widget elementor-widget-divider\" data-id=\"f0a3850\" data-element_type=\"widget\" data-e-type=\"widget\" data-widget_type=\"divider.default\">\n\t\t\t\t\t\t\t<div class=\"elementor-divider\">\n\t\t\t<span class=\"elementor-divider-separator\">\n\t\t\t\t\t\t<\/span>\n\t\t<\/div>\n\t\t\t\t\t\t<\/div>\n\t\t\t\t<section class=\"elementor-section elementor-inner-section elementor-element elementor-element-42fa9fe elementor-section-boxed elementor-section-height-default elementor-section-height-default\" data-id=\"42fa9fe\" data-element_type=\"section\" data-e-type=\"section\">\n\t\t\t\t\t\t<div class=\"elementor-container elementor-column-gap-default\">\n\t\t\t\t\t<div class=\"elementor-column elementor-col-50 elementor-inner-column elementor-element elementor-element-670c126 collection-10-no-col\" data-id=\"670c126\" data-element_type=\"column\" data-e-type=\"column\">\n\t\t\t<div class=\"elementor-widget-wrap elementor-element-populated\">\n\t\t\t\t\t\t<div class=\"elementor-element elementor-element-2dc6740 collection-10-bgno elementor-widget elementor-widget-heading\" data-id=\"2dc6740\" data-element_type=\"widget\" data-e-type=\"widget\" data-widget_type=\"heading.default\">\n\t\t\t\t\t<div class=\"elementor-heading-title elementor-size-default\">1<\/div>\t\t\t\t<\/div>\n\t\t\t\t\t<\/div>\n\t\t<\/div>\n\t\t\t\t<div class=\"elementor-column elementor-col-50 elementor-inner-column elementor-element elementor-element-c90155f\" data-id=\"c90155f\" data-element_type=\"column\" data-e-type=\"column\">\n\t\t\t<div class=\"elementor-widget-wrap elementor-element-populated\">\n\t\t\t\t\t\t<div class=\"elementor-element elementor-element-d0ba807 elementor-widget elementor-widget-heading\" data-id=\"d0ba807\" data-element_type=\"widget\" data-e-type=\"widget\" data-widget_type=\"heading.default\">\n\t\t\t\t\t<h3 class=\"elementor-heading-title elementor-size-default\">\u00c7ekirdek De\u011fer:<\/h3>\t\t\t\t<\/div>\n\t\t\t\t<div class=\"elementor-element elementor-element-3885b93 elementor-widget elementor-widget-text-editor\" data-id=\"3885b93\" data-element_type=\"widget\" data-e-type=\"widget\" data-widget_type=\"text-editor.default\">\n\t\t\t\t\t\t\t\t\t<p>Piyasay\u0131 kalite ile kazanmak ve teknolojiyle ayd\u0131nl\u0131k bir gelecek yaratmak.<\/p>\t\t\t\t\t\t\t\t<\/div>\n\t\t\t\t\t<\/div>\n\t\t<\/div>\n\t\t\t\t\t<\/div>\n\t\t<\/section>\n\t\t\t\t<section class=\"elementor-section elementor-inner-section elementor-element elementor-element-0994b69 elementor-section-boxed elementor-section-height-default elementor-section-height-default\" data-id=\"0994b69\" data-element_type=\"section\" data-e-type=\"section\">\n\t\t\t\t\t\t<div class=\"elementor-container elementor-column-gap-default\">\n\t\t\t\t\t<div class=\"elementor-column elementor-col-50 elementor-inner-column elementor-element elementor-element-e7c7289 collection-10-no-col\" data-id=\"e7c7289\" data-element_type=\"column\" data-e-type=\"column\">\n\t\t\t<div class=\"elementor-widget-wrap elementor-element-populated\">\n\t\t\t\t\t\t<div class=\"elementor-element elementor-element-22b54d9 collection-10-bgno elementor-widget elementor-widget-heading\" data-id=\"22b54d9\" data-element_type=\"widget\" data-e-type=\"widget\" data-widget_type=\"heading.default\">\n\t\t\t\t\t<div class=\"elementor-heading-title elementor-size-default\">2<\/div>\t\t\t\t<\/div>\n\t\t\t\t\t<\/div>\n\t\t<\/div>\n\t\t\t\t<div class=\"elementor-column elementor-col-50 elementor-inner-column elementor-element elementor-element-85d04ae\" data-id=\"85d04ae\" data-element_type=\"column\" data-e-type=\"column\">\n\t\t\t<div class=\"elementor-widget-wrap elementor-element-populated\">\n\t\t\t\t\t\t<div class=\"elementor-element elementor-element-5f2eede elementor-widget elementor-widget-heading\" data-id=\"5f2eede\" data-element_type=\"widget\" data-e-type=\"widget\" data-widget_type=\"heading.default\">\n\t\t\t\t\t<h3 class=\"elementor-heading-title elementor-size-default\">G\u00f6revimiz:<\/h3>\t\t\t\t<\/div>\n\t\t\t\t<div class=\"elementor-element elementor-element-dd6dcfe elementor-widget elementor-widget-text-editor\" data-id=\"dd6dcfe\" data-element_type=\"widget\" data-e-type=\"widget\" data-widget_type=\"text-editor.default\">\n\t\t\t\t\t\t\t\t\t<p>Teknik ilerlemelere \u00f6nc\u00fcl\u00fck etmek, havadaki \u00e7al\u0131\u015fma alan\u0131ndaki global m\u00fc\u015fteriler i\u00e7in \u00e7e\u015fitli ve memnuniyet verici \u00e7\u00f6z\u00fcmler sa\u011flamak ve daha fazla ve daha iyi \u00fcr\u00fcnler sunmak..<\/p>\t\t\t\t\t\t\t\t<\/div>\n\t\t\t\t\t<\/div>\n\t\t<\/div>\n\t\t\t\t\t<\/div>\n\t\t<\/section>\n\t\t\t\t<section class=\"elementor-section elementor-inner-section elementor-element elementor-element-c2b34cb elementor-section-boxed elementor-section-height-default elementor-section-height-default\" data-id=\"c2b34cb\" data-element_type=\"section\" data-e-type=\"section\">\n\t\t\t\t\t\t<div class=\"elementor-container elementor-column-gap-default\">\n\t\t\t\t\t<div class=\"elementor-column elementor-col-50 elementor-inner-column elementor-element elementor-element-462b6fc collection-10-no-col\" data-id=\"462b6fc\" data-element_type=\"column\" data-e-type=\"column\">\n\t\t\t<div class=\"elementor-widget-wrap elementor-element-populated\">\n\t\t\t\t\t\t<div class=\"elementor-element elementor-element-be75069 collection-10-bgno elementor-widget elementor-widget-heading\" data-id=\"be75069\" data-element_type=\"widget\" data-e-type=\"widget\" data-widget_type=\"heading.default\">\n\t\t\t\t\t<div class=\"elementor-heading-title elementor-size-default\">3<\/div>\t\t\t\t<\/div>\n\t\t\t\t\t<\/div>\n\t\t<\/div>\n\t\t\t\t<div class=\"elementor-column elementor-col-50 elementor-inner-column elementor-element elementor-element-6d2aee2\" data-id=\"6d2aee2\" data-element_type=\"column\" data-e-type=\"column\">\n\t\t\t<div class=\"elementor-widget-wrap elementor-element-populated\">\n\t\t\t\t\t\t<div class=\"elementor-element elementor-element-7fa196a elementor-widget elementor-widget-heading\" data-id=\"7fa196a\" data-element_type=\"widget\" data-e-type=\"widget\" data-widget_type=\"heading.default\">\n\t\t\t\t\t<h3 class=\"elementor-heading-title elementor-size-default\">Beklentimiz:<\/h3>\t\t\t\t<\/div>\n\t\t\t\t<div class=\"elementor-element elementor-element-cd838c9 elementor-widget elementor-widget-text-editor\" data-id=\"cd838c9\" data-element_type=\"widget\" data-e-type=\"widget\" data-widget_type=\"text-editor.default\">\n\t\t\t\t\t\t\t\t\t<p>\u00d6n\u00fcm\u00fczdeki 10 ila 20 y\u0131l i\u00e7erisinde \u00c7in\u2019de ve hatta d\u00fcnyada asma iskelenin ve ilgili \u00fcr\u00fcnlerin en b\u00fcy\u00fck Ar-Ge ve \u00fcretim \u00fcss\u00fc haline gelmek.<\/p>\t\t\t\t\t\t\t\t<\/div>\n\t\t\t\t\t<\/div>\n\t\t<\/div>\n\t\t\t\t\t<\/div>\n\t\t<\/section>\n\t\t\t\t\t<\/div>\n\t\t<\/div>\n\t\t\t\t<div class=\"elementor-column elementor-col-50 elementor-top-column elementor-element elementor-element-9edb82c\" data-id=\"9edb82c\" data-element_type=\"column\" data-e-type=\"column\">\n\t\t\t<div class=\"elementor-widget-wrap\">\n\t\t\t\t\t\t\t<\/div>\n\t\t<\/div>\n\t\t\t\t\t<\/div>\n\t\t<\/section>\n\t\t\t\t<\/div>\n\t\t","protected":false},"excerpt":{"rendered":"<p>Hakk\u0131m\u0131zda RIGID GmbH, Viyana\u2019da, Avrupa\u2019n\u0131n merkezinde yer almaktad\u0131r. Amac\u0131m\u0131z, ilk tercih etti\u011finiz tedarik\u00e7i olmakt\u0131r ve bu nedenle \u00f6nceli\u011fimiz de y\u00fcksek kaliteli \u00fcr\u00fcnlere makul fiyatlar vermektir. Profesyonel ekibimiz beklentilerinizi kar\u015f\u0131lamaya haz\u0131r. Uzmanlar\u0131m\u0131z\u0131n sadece yenilik\u00e7ilik, geli\u015fme ve sorumluluk sahibi tutumlar\u0131n\u0131n kar\u015f\u0131l\u0131kl\u0131 memnuniyet &hellip; <a class=\"kt-excerpt-readmore more-link\" href=\"https:\/\/europe-rigid.com\/tr\/about-rigid\/\" aria-label=\"RIGID Hakk\u0131nda\">Read More<\/a><\/p>\n","protected":false},"author":1,"featured_media":0,"parent":0,"menu_order":0,"comment_status":"closed","ping_status":"closed","template":"elementor_header_footer","meta":{"footnotes":""},"class_list":["post-2531","page","type-page","status-publish","hentry"],"_links":{"self":[{"href":"https:\/\/europe-rigid.com\/tr\/wp-json\/wp\/v2\/pages\/2531","targetHints":{"allow":["GET"]}}],"collection":[{"href":"https:\/\/europe-rigid.com\/tr\/wp-json\/wp\/v2\/pages"}],"about":[{"href":"https:\/\/europe-rigid.com\/tr\/wp-json\/wp\/v2\/types\/page"}],"author":[{"embeddable":true,"href":"https:\/\/europe-rigid.com\/tr\/wp-json\/wp\/v2\/users\/1"}],"replies":[{"embeddable":true,"href":"https:\/\/europe-rigid.com\/tr\/wp-json\/wp\/v2\/comments?post=2531"}],"version-history":[{"count":0,"href":"https:\/\/europe-rigid.com\/tr\/wp-json\/wp\/v2\/pages\/2531\/revisions"}],"wp:attachment":[{"href":"https:\/\/europe-rigid.com\/tr\/wp-json\/wp\/v2\/media?parent=2531"}],"curies":[{"name":"wp","href":"https:\/\/api.w.org\/{rel}","templated":true}]}}