{"id":2532,"date":"2019-02-11T12:37:12","date_gmt":"2019-02-11T11:37:12","guid":{"rendered":"http:\/\/europe-rigid.com\/product\/"},"modified":"2021-08-13T12:13:43","modified_gmt":"2021-08-13T10:13:43","slug":"product","status":"publish","type":"page","link":"https:\/\/europe-rigid.com\/tr\/product\/","title":{"rendered":"\u00dcr\u00fcnler"},"content":{"rendered":"\t\t<div data-elementor-type=\"wp-post\" data-elementor-id=\"2532\" class=\"elementor elementor-2532\" data-elementor-post-type=\"page\">\n\t\t\t\t\t\t<section class=\"elementor-section elementor-top-section elementor-element elementor-element-4b232506 elementor-section-stretched elementor-section-height-min-height elementor-section-boxed elementor-section-height-default elementor-section-items-middle\" data-id=\"4b232506\" data-element_type=\"section\" data-e-type=\"section\" data-settings=\"{&quot;stretch_section&quot;:&quot;section-stretched&quot;,&quot;background_background&quot;:&quot;classic&quot;}\">\n\t\t\t\t\t\t<div class=\"elementor-container elementor-column-gap-default\">\n\t\t\t\t\t<div class=\"elementor-column elementor-col-100 elementor-top-column elementor-element elementor-element-60a3d5cd\" data-id=\"60a3d5cd\" data-element_type=\"column\" data-e-type=\"column\">\n\t\t\t<div class=\"elementor-widget-wrap elementor-element-populated\">\n\t\t\t\t\t\t<div class=\"elementor-element elementor-element-639cd079 elementor-widget elementor-widget-heading\" data-id=\"639cd079\" data-element_type=\"widget\" data-e-type=\"widget\" data-widget_type=\"heading.default\">\n\t\t\t\t\t<h2 class=\"elementor-heading-title elementor-size-default\">\u00dcr\u00fcnler<\/h2>\t\t\t\t<\/div>\n\t\t\t\t\t<\/div>\n\t\t<\/div>\n\t\t\t\t\t<\/div>\n\t\t<\/section>\n\t\t\t\t<section class=\"elementor-section elementor-top-section elementor-element elementor-element-6331aaa elementor-section-boxed elementor-section-height-default elementor-section-height-default\" data-id=\"6331aaa\" data-element_type=\"section\" data-e-type=\"section\">\n\t\t\t\t\t\t<div class=\"elementor-container elementor-column-gap-default\">\n\t\t\t\t\t<div class=\"elementor-column elementor-col-100 elementor-top-column elementor-element elementor-element-3a8019c\" data-id=\"3a8019c\" data-element_type=\"column\" data-e-type=\"column\">\n\t\t\t<div class=\"elementor-widget-wrap elementor-element-populated\">\n\t\t\t\t\t\t<div class=\"elementor-element elementor-element-c081ad3 elementor-grid-4 elementor-grid-tablet-2 elementor-grid-mobile-1 elementor-invisible elementor-widget elementor-widget-portfolio\" data-id=\"c081ad3\" data-element_type=\"widget\" data-e-type=\"widget\" data-settings=\"{&quot;columns&quot;:&quot;4&quot;,&quot;item_ratio&quot;:{&quot;unit&quot;:&quot;px&quot;,&quot;size&quot;:1,&quot;sizes&quot;:[]},&quot;row_gap&quot;:{&quot;unit&quot;:&quot;px&quot;,&quot;size&quot;:21,&quot;sizes&quot;:[]},&quot;_animation&quot;:&quot;fadeIn&quot;,&quot;columns_tablet&quot;:&quot;2&quot;,&quot;columns_mobile&quot;:&quot;1&quot;,&quot;item_gap&quot;:{&quot;unit&quot;:&quot;px&quot;,&quot;size&quot;:&quot;&quot;,&quot;sizes&quot;:[]}}\" data-widget_type=\"portfolio.default\">\n\t\t\t\t<div class=\"elementor-widget-container\">\n\t\t\t\t\t\t\t<div class=\"elementor-portfolio elementor-grid elementor-posts-container\" role=\"list\">\n\t\t\t\t<article class=\"elementor-portfolio-item elementor-post  post-2582 portfolio type-portfolio status-publish has-post-thumbnail hentry\" role=\"listitem\">\n\t\t\t<a class=\"elementor-post__thumbnail__link\" href=\"https:\/\/europe-rigid.com\/tr\/portfolio\/ltd-p-series-man-riding-hoist\/\">\n\t\t\t\t<div class=\"elementor-portfolio-item__img elementor-post__thumbnail\">\n\t\t\t<img fetchpriority=\"high\" decoding=\"async\" width=\"768\" height=\"614\" src=\"https:\/\/europe-rigid.com\/wp-content\/uploads\/2019\/02\/tishengji-wutubiao-768x614.jpg\" class=\"attachment-medium_large size-medium_large wp-image-2583\" alt=\"\" srcset=\"https:\/\/europe-rigid.com\/wp-content\/uploads\/2019\/02\/tishengji-wutubiao-768x614.jpg 768w, https:\/\/europe-rigid.com\/wp-content\/uploads\/2019\/02\/tishengji-wutubiao-300x240.jpg 300w, https:\/\/europe-rigid.com\/wp-content\/uploads\/2019\/02\/tishengji-wutubiao-1024x818.jpg 1024w, https:\/\/europe-rigid.com\/wp-content\/uploads\/2019\/02\/tishengji-wutubiao-1140x911.jpg 1140w, https:\/\/europe-rigid.com\/wp-content\/uploads\/2019\/02\/tishengji-wutubiao-720x576.jpg 720w, https:\/\/europe-rigid.com\/wp-content\/uploads\/2019\/02\/tishengji-wutubiao-360x288.jpg 360w, https:\/\/europe-rigid.com\/wp-content\/uploads\/2019\/02\/tishengji-wutubiao.jpg 1900w\" sizes=\"(max-width: 768px) 100vw, 768px\" \/>\t\t<\/div>\n\t\t\t\t<div class=\"elementor-portfolio-item__overlay\">\n\t\t\t\t<h3 class=\"elementor-portfolio-item__title\">\n\t\tLTD-P seri insan kald\u0131rma vin\u00e7leri 500-1000 kg\t\t<\/h3>\n\t\t\t\t<\/div>\n\t\t\t\t<\/a>\n\t\t<\/article>\n\t\t\t\t<article class=\"elementor-portfolio-item elementor-post  post-2584 portfolio type-portfolio status-publish has-post-thumbnail hentry\" role=\"listitem\">\n\t\t\t<a class=\"elementor-post__thumbnail__link\" href=\"https:\/\/europe-rigid.com\/tr\/portfolio\/ltd200-traction-hoist\/\">\n\t\t\t\t<div class=\"elementor-portfolio-item__img elementor-post__thumbnail\">\n\t\t\t<img decoding=\"async\" width=\"640\" height=\"640\" src=\"https:\/\/europe-rigid.com\/wp-content\/uploads\/2019\/02\/LTD200.png\" class=\"attachment-medium_large size-medium_large wp-image-2585\" alt=\"\" srcset=\"https:\/\/europe-rigid.com\/wp-content\/uploads\/2019\/02\/LTD200.png 640w, https:\/\/europe-rigid.com\/wp-content\/uploads\/2019\/02\/LTD200-150x150.png 150w, https:\/\/europe-rigid.com\/wp-content\/uploads\/2019\/02\/LTD200-300x300.png 300w, https:\/\/europe-rigid.com\/wp-content\/uploads\/2019\/02\/LTD200-600x600.png 600w, https:\/\/europe-rigid.com\/wp-content\/uploads\/2019\/02\/LTD200-120x120.png 120w, https:\/\/europe-rigid.com\/wp-content\/uploads\/2019\/02\/LTD200-60x60.png 60w, https:\/\/europe-rigid.com\/wp-content\/uploads\/2019\/02\/LTD200-360x360.png 360w\" sizes=\"(max-width: 640px) 100vw, 640px\" \/>\t\t<\/div>\n\t\t\t\t<div class=\"elementor-portfolio-item__overlay\">\n\t\t\t\t<h3 class=\"elementor-portfolio-item__title\">\n\t\tLTD200 seri insan kald\u0131rma \u00e7eki\u015f vin\u00e7leri -2000 kg\t\t<\/h3>\n\t\t\t\t<\/div>\n\t\t\t\t<\/a>\n\t\t<\/article>\n\t\t\t\t<article class=\"elementor-portfolio-item elementor-post  post-2586 portfolio type-portfolio status-publish has-post-thumbnail hentry\" role=\"listitem\">\n\t\t\t<a class=\"elementor-post__thumbnail__link\" href=\"https:\/\/europe-rigid.com\/tr\/portfolio\/eip-false-car\/\">\n\t\t\t\t<div class=\"elementor-portfolio-item__img elementor-post__thumbnail\">\n\t\t\t<img decoding=\"async\" width=\"768\" height=\"772\" src=\"https:\/\/europe-rigid.com\/wp-content\/uploads\/2019\/02\/AZPT-RIGID-False-car-Kopie-768x772.png\" class=\"attachment-medium_large size-medium_large wp-image-75988\" alt=\"\" srcset=\"https:\/\/europe-rigid.com\/wp-content\/uploads\/2019\/02\/AZPT-RIGID-False-car-Kopie-768x772.png 768w, https:\/\/europe-rigid.com\/wp-content\/uploads\/2019\/02\/AZPT-RIGID-False-car-Kopie-1019x1024.png 1019w, https:\/\/europe-rigid.com\/wp-content\/uploads\/2019\/02\/AZPT-RIGID-False-car-Kopie-150x150.png 150w, https:\/\/europe-rigid.com\/wp-content\/uploads\/2019\/02\/AZPT-RIGID-False-car-Kopie-1529x1536.png 1529w, https:\/\/europe-rigid.com\/wp-content\/uploads\/2019\/02\/AZPT-RIGID-False-car-Kopie-720x724.png 720w, https:\/\/europe-rigid.com\/wp-content\/uploads\/2019\/02\/AZPT-RIGID-False-car-Kopie-360x362.png 360w, https:\/\/europe-rigid.com\/wp-content\/uploads\/2019\/02\/AZPT-RIGID-False-car-Kopie.png 1736w\" sizes=\"(max-width: 768px) 100vw, 768px\" \/>\t\t<\/div>\n\t\t\t\t<div class=\"elementor-portfolio-item__overlay\">\n\t\t\t\t<h3 class=\"elementor-portfolio-item__title\">\n\t\tAZPT sahte kabin\t\t<\/h3>\n\t\t\t\t<\/div>\n\t\t\t\t<\/a>\n\t\t<\/article>\n\t\t\t\t<article class=\"elementor-portfolio-item elementor-post  post-2588 portfolio type-portfolio status-publish has-post-thumbnail hentry\" role=\"listitem\">\n\t\t\t<a class=\"elementor-post__thumbnail__link\" href=\"https:\/\/europe-rigid.com\/tr\/portfolio\/fall-arrester\/\">\n\t\t\t\t<div class=\"elementor-portfolio-item__img elementor-post__thumbnail\">\n\t\t\t<img loading=\"lazy\" decoding=\"async\" width=\"640\" height=\"640\" src=\"https:\/\/europe-rigid.com\/wp-content\/uploads\/2019\/02\/OSL.jpg\" class=\"attachment-medium_large size-medium_large wp-image-2589\" alt=\"\" srcset=\"https:\/\/europe-rigid.com\/wp-content\/uploads\/2019\/02\/OSL.jpg 640w, https:\/\/europe-rigid.com\/wp-content\/uploads\/2019\/02\/OSL-150x150.jpg 150w, https:\/\/europe-rigid.com\/wp-content\/uploads\/2019\/02\/OSL-300x300.jpg 300w, https:\/\/europe-rigid.com\/wp-content\/uploads\/2019\/02\/OSL-600x600.jpg 600w, https:\/\/europe-rigid.com\/wp-content\/uploads\/2019\/02\/OSL-120x120.jpg 120w, https:\/\/europe-rigid.com\/wp-content\/uploads\/2019\/02\/OSL-60x60.jpg 60w, https:\/\/europe-rigid.com\/wp-content\/uploads\/2019\/02\/OSL-480x480.jpg 480w, https:\/\/europe-rigid.com\/wp-content\/uploads\/2019\/02\/OSL-240x240.jpg 240w, https:\/\/europe-rigid.com\/wp-content\/uploads\/2019\/02\/OSL-360x360.jpg 360w\" sizes=\"(max-width: 640px) 100vw, 640px\" \/>\t\t<\/div>\n\t\t\t\t<div class=\"elementor-portfolio-item__overlay\">\n\t\t\t\t<h3 class=\"elementor-portfolio-item__title\">\n\t\tOSL serisi d\u00fc\u015f\u00fc\u015f \u00f6nleyici\t\t<\/h3>\n\t\t\t\t<\/div>\n\t\t\t\t<\/a>\n\t\t<\/article>\n\t\t\t\t<article class=\"elementor-portfolio-item elementor-post  post-17139 portfolio type-portfolio status-publish has-post-thumbnail hentry\" role=\"listitem\">\n\t\t\t<a class=\"elementor-post__thumbnail__link\" href=\"https:\/\/europe-rigid.com\/tr\/portfolio\/mobil-malzeme-vinci\/\">\n\t\t\t\t<div class=\"elementor-portfolio-item__img elementor-post__thumbnail\">\n\t\t\t<img loading=\"lazy\" decoding=\"async\" width=\"480\" height=\"480\" src=\"https:\/\/europe-rigid.com\/wp-content\/uploads\/2020\/09\/ezgif-1-175e6e9a8db6.jpg\" class=\"attachment-medium_large size-medium_large wp-image-8675\" alt=\"\" srcset=\"https:\/\/europe-rigid.com\/wp-content\/uploads\/2020\/09\/ezgif-1-175e6e9a8db6.jpg 480w, https:\/\/europe-rigid.com\/wp-content\/uploads\/2020\/09\/ezgif-1-175e6e9a8db6-300x300.jpg 300w, https:\/\/europe-rigid.com\/wp-content\/uploads\/2020\/09\/ezgif-1-175e6e9a8db6-150x150.jpg 150w, https:\/\/europe-rigid.com\/wp-content\/uploads\/2020\/09\/ezgif-1-175e6e9a8db6-240x240.jpg 240w, https:\/\/europe-rigid.com\/wp-content\/uploads\/2020\/09\/ezgif-1-175e6e9a8db6-360x360.jpg 360w\" sizes=\"(max-width: 480px) 100vw, 480px\" \/>\t\t<\/div>\n\t\t\t\t<div class=\"elementor-portfolio-item__overlay\">\n\t\t\t\t<h3 class=\"elementor-portfolio-item__title\">\n\t\tMobil malzeme vinci\t\t<\/h3>\n\t\t\t\t<\/div>\n\t\t\t\t<\/a>\n\t\t<\/article>\n\t\t\t\t<article class=\"elementor-portfolio-item elementor-post  post-17143 portfolio type-portfolio status-publish has-post-thumbnail hentry\" role=\"listitem\">\n\t\t\t<a class=\"elementor-post__thumbnail__link\" href=\"https:\/\/europe-rigid.com\/tr\/portfolio\/malzeme-kaldirma-ekipmani\/\">\n\t\t\t\t<div class=\"elementor-portfolio-item__img elementor-post__thumbnail\">\n\t\t\t<img loading=\"lazy\" decoding=\"async\" width=\"480\" height=\"480\" src=\"https:\/\/europe-rigid.com\/wp-content\/uploads\/2020\/09\/ezgif-1-e8ffb188f8d2.jpg\" class=\"attachment-medium_large size-medium_large wp-image-8658\" alt=\"\" srcset=\"https:\/\/europe-rigid.com\/wp-content\/uploads\/2020\/09\/ezgif-1-e8ffb188f8d2.jpg 480w, https:\/\/europe-rigid.com\/wp-content\/uploads\/2020\/09\/ezgif-1-e8ffb188f8d2-300x300.jpg 300w, https:\/\/europe-rigid.com\/wp-content\/uploads\/2020\/09\/ezgif-1-e8ffb188f8d2-150x150.jpg 150w, https:\/\/europe-rigid.com\/wp-content\/uploads\/2020\/09\/ezgif-1-e8ffb188f8d2-360x360.jpg 360w\" sizes=\"(max-width: 480px) 100vw, 480px\" \/>\t\t<\/div>\n\t\t\t\t<div class=\"elementor-portfolio-item__overlay\">\n\t\t\t\t<h3 class=\"elementor-portfolio-item__title\">\n\t\tMalzeme kald\u0131rma ekipman\u0131\t\t<\/h3>\n\t\t\t\t<\/div>\n\t\t\t\t<\/a>\n\t\t<\/article>\n\t\t\t\t<article class=\"elementor-portfolio-item elementor-post  post-17147 portfolio type-portfolio status-publish has-post-thumbnail hentry\" role=\"listitem\">\n\t\t\t<a class=\"elementor-post__thumbnail__link\" href=\"https:\/\/europe-rigid.com\/tr\/portfolio\/iskele-devrilme-onleyici-lsf-ekipmani-2\/\">\n\t\t\t\t<div class=\"elementor-portfolio-item__img elementor-post__thumbnail\">\n\t\t\t<img loading=\"lazy\" decoding=\"async\" width=\"480\" height=\"480\" src=\"https:\/\/europe-rigid.com\/wp-content\/uploads\/2020\/09\/ezgif-1-0254ae0fa216.jpg\" class=\"attachment-medium_large size-medium_large wp-image-8835\" alt=\"\" srcset=\"https:\/\/europe-rigid.com\/wp-content\/uploads\/2020\/09\/ezgif-1-0254ae0fa216.jpg 480w, https:\/\/europe-rigid.com\/wp-content\/uploads\/2020\/09\/ezgif-1-0254ae0fa216-300x300.jpg 300w, https:\/\/europe-rigid.com\/wp-content\/uploads\/2020\/09\/ezgif-1-0254ae0fa216-150x150.jpg 150w, https:\/\/europe-rigid.com\/wp-content\/uploads\/2020\/09\/ezgif-1-0254ae0fa216-240x240.jpg 240w, https:\/\/europe-rigid.com\/wp-content\/uploads\/2020\/09\/ezgif-1-0254ae0fa216-360x360.jpg 360w\" sizes=\"(max-width: 480px) 100vw, 480px\" \/>\t\t<\/div>\n\t\t\t\t<div class=\"elementor-portfolio-item__overlay\">\n\t\t\t\t<h3 class=\"elementor-portfolio-item__title\">\n\t\t\u0130skele devrilme \u00f6nleyici LSF ekipman\u0131\t\t<\/h3>\n\t\t\t\t<\/div>\n\t\t\t\t<\/a>\n\t\t<\/article>\n\t\t\t\t<article class=\"elementor-portfolio-item elementor-post  post-19109 page type-page status-publish has-post-thumbnail hentry\" role=\"listitem\">\n\t\t\t<a class=\"elementor-post__thumbnail__link\" href=\"https:\/\/europe-rigid.com\/tr\/asma-iskelesi\/\">\n\t\t\t\t<div class=\"elementor-portfolio-item__img elementor-post__thumbnail\">\n\t\t\t<img loading=\"lazy\" decoding=\"async\" width=\"700\" height=\"700\" src=\"https:\/\/europe-rigid.com\/wp-content\/uploads\/2020\/10\/platform.jpg\" class=\"attachment-medium_large size-medium_large wp-image-9093\" alt=\"\" srcset=\"https:\/\/europe-rigid.com\/wp-content\/uploads\/2020\/10\/platform.jpg 700w, https:\/\/europe-rigid.com\/wp-content\/uploads\/2020\/10\/platform-300x300.jpg 300w, https:\/\/europe-rigid.com\/wp-content\/uploads\/2020\/10\/platform-150x150.jpg 150w, https:\/\/europe-rigid.com\/wp-content\/uploads\/2020\/10\/platform-360x360.jpg 360w\" sizes=\"(max-width: 700px) 100vw, 700px\" \/>\t\t<\/div>\n\t\t\t\t<div class=\"elementor-portfolio-item__overlay\">\n\t\t\t\t<h3 class=\"elementor-portfolio-item__title\">\n\t\tasma iskelesi\t\t<\/h3>\n\t\t\t\t<\/div>\n\t\t\t\t<\/a>\n\t\t<\/article>\n\t\t\t\t<\/div>\n\t\t\t\t\t\t<\/div>\n\t\t\t\t<\/div>\n\t\t\t\t\t<\/div>\n\t\t<\/div>\n\t\t\t\t\t<\/div>\n\t\t<\/section>\n\t\t\t\t<\/div>\n\t\t","protected":false},"excerpt":{"rendered":"<p>\u00dcr\u00fcnler<\/p>\n","protected":false},"author":1,"featured_media":0,"parent":0,"menu_order":0,"comment_status":"closed","ping_status":"closed","template":"","meta":{"footnotes":""},"class_list":["post-2532","page","type-page","status-publish","hentry"],"_links":{"self":[{"href":"https:\/\/europe-rigid.com\/tr\/wp-json\/wp\/v2\/pages\/2532","targetHints":{"allow":["GET"]}}],"collection":[{"href":"https:\/\/europe-rigid.com\/tr\/wp-json\/wp\/v2\/pages"}],"about":[{"href":"https:\/\/europe-rigid.com\/tr\/wp-json\/wp\/v2\/types\/page"}],"author":[{"embeddable":true,"href":"https:\/\/europe-rigid.com\/tr\/wp-json\/wp\/v2\/users\/1"}],"replies":[{"embeddable":true,"href":"https:\/\/europe-rigid.com\/tr\/wp-json\/wp\/v2\/comments?post=2532"}],"version-history":[{"count":3,"href":"https:\/\/europe-rigid.com\/tr\/wp-json\/wp\/v2\/pages\/2532\/revisions"}],"predecessor-version":[{"id":53605,"href":"https:\/\/europe-rigid.com\/tr\/wp-json\/wp\/v2\/pages\/2532\/revisions\/53605"}],"wp:attachment":[{"href":"https:\/\/europe-rigid.com\/tr\/wp-json\/wp\/v2\/media?parent=2532"}],"curies":[{"name":"wp","href":"https:\/\/api.w.org\/{rel}","templated":true}]}}