{"id":2543,"date":"2019-02-11T12:41:47","date_gmt":"2019-02-11T11:41:47","guid":{"rendered":"http:\/\/europe-rigid.com\/rental\/"},"modified":"2022-09-21T09:38:49","modified_gmt":"2022-09-21T07:38:49","slug":"rental","status":"publish","type":"page","link":"https:\/\/europe-rigid.com\/tr\/rental\/","title":{"rendered":"Kiral\u0131k"},"content":{"rendered":"\t\t<div data-elementor-type=\"wp-post\" data-elementor-id=\"2543\" class=\"elementor elementor-2543\" data-elementor-post-type=\"page\">\n\t\t\t\t\t\t<section class=\"elementor-section elementor-top-section elementor-element elementor-element-27e1ebf elementor-section-boxed elementor-section-height-default elementor-section-height-default\" data-id=\"27e1ebf\" data-element_type=\"section\" data-e-type=\"section\">\n\t\t\t\t\t\t<div class=\"elementor-container elementor-column-gap-default\">\n\t\t\t\t\t<div class=\"elementor-column elementor-col-100 elementor-top-column elementor-element elementor-element-c661f66\" data-id=\"c661f66\" data-element_type=\"column\" data-e-type=\"column\">\n\t\t\t<div class=\"elementor-widget-wrap elementor-element-populated\">\n\t\t\t\t\t\t<div class=\"elementor-element elementor-element-0139aeb elementor-widget elementor-widget-text-editor\" data-id=\"0139aeb\" data-element_type=\"widget\" data-e-type=\"widget\" data-widget_type=\"text-editor.default\">\n\t\t\t\t\t\t\t\t\t<p>Rigid Rent, \u015firketinizin kapasite s\u0131n\u0131r\u0131n\u0131za ula\u015fmadan zorluklarla ba\u015fa \u00e7\u0131kman\u0131z\u0131 kolayla\u015ft\u0131r\u0131yor, ayn\u0131 zamanda maliyetler \u00fczerinde tam bir kontrol sa\u011flayarak yat\u0131r\u0131mlar\u0131n \u00f6n\u00fcne ge\u00e7iriyor. \u0130\u015fletme kapasitesini ve sermayeyi ba\u011flamaktan ka\u00e7\u0131nmak istiyorsan\u0131z harika bir se\u00e7im. \u0130lgin\u00e7 bir sipari\u015f alma \u015fans\u0131n\u0131z m\u0131 var, ancak s\u00f6zle\u015fmenin uzun vadeli olup olmayaca\u011f\u0131n\u0131 bilmiyor musunuz? Bir s\u00fcreli\u011fine vin\u00e7 say\u0131s\u0131n\u0131 artt\u0131rman\u0131z m\u0131 gerekiyor? Sizlere esnek \u00e7\u00f6z\u00fcmler sunuyoruz. Rigid Rent hizmetlerinin avantajlar\u0131ndan yararlan\u0131n. Asans\u00f6r montaj\u0131 i\u00e7in tekliflerimizden birini se\u00e7in.&nbsp;<\/p>\n<p>Currently we offer rental of models LTD100 with accessories and with integrated control box &#8211; suitable for elevator sector. Minimum rental period is 2 weeks. Please contact us for more information: sales@europe-rigid.com .<\/p>\n<p>Individual rental conditions possible in case of long-term rental interest of more pieces.<\/p>\n\t\t\t\t\t\t\t\t<\/div>\n\t\t\t\t\t<\/div>\n\t\t<\/div>\n\t\t\t\t\t<\/div>\n\t\t<\/section>\n\t\t\t\t<\/div>\n\t\t","protected":false},"excerpt":{"rendered":"<p>Rigid Rent, \u015firketinizin kapasite s\u0131n\u0131r\u0131n\u0131za ula\u015fmadan zorluklarla ba\u015fa \u00e7\u0131kman\u0131z\u0131 kolayla\u015ft\u0131r\u0131yor, ayn\u0131 zamanda maliyetler \u00fczerinde tam bir kontrol sa\u011flayarak yat\u0131r\u0131mlar\u0131n \u00f6n\u00fcne ge\u00e7iriyor. \u0130\u015fletme kapasitesini ve sermayeyi ba\u011flamaktan ka\u00e7\u0131nmak istiyorsan\u0131z harika bir se\u00e7im. \u0130lgin\u00e7 bir sipari\u015f alma \u015fans\u0131n\u0131z m\u0131 var, ancak s\u00f6zle\u015fmenin &hellip; <a class=\"kt-excerpt-readmore more-link\" href=\"https:\/\/europe-rigid.com\/tr\/rental\/\" aria-label=\"Kiral\u0131k\">Read More<\/a><\/p>\n","protected":false},"author":1,"featured_media":0,"parent":0,"menu_order":0,"comment_status":"closed","ping_status":"closed","template":"","meta":{"footnotes":""},"class_list":["post-2543","page","type-page","status-publish","hentry"],"_links":{"self":[{"href":"https:\/\/europe-rigid.com\/tr\/wp-json\/wp\/v2\/pages\/2543","targetHints":{"allow":["GET"]}}],"collection":[{"href":"https:\/\/europe-rigid.com\/tr\/wp-json\/wp\/v2\/pages"}],"about":[{"href":"https:\/\/europe-rigid.com\/tr\/wp-json\/wp\/v2\/types\/page"}],"author":[{"embeddable":true,"href":"https:\/\/europe-rigid.com\/tr\/wp-json\/wp\/v2\/users\/1"}],"replies":[{"embeddable":true,"href":"https:\/\/europe-rigid.com\/tr\/wp-json\/wp\/v2\/comments?post=2543"}],"version-history":[{"count":3,"href":"https:\/\/europe-rigid.com\/tr\/wp-json\/wp\/v2\/pages\/2543\/revisions"}],"predecessor-version":[{"id":95824,"href":"https:\/\/europe-rigid.com\/tr\/wp-json\/wp\/v2\/pages\/2543\/revisions\/95824"}],"wp:attachment":[{"href":"https:\/\/europe-rigid.com\/tr\/wp-json\/wp\/v2\/media?parent=2543"}],"curies":[{"name":"wp","href":"https:\/\/api.w.org\/{rel}","templated":true}]}}