{"id":5585,"date":"2019-08-23T11:59:13","date_gmt":"2019-08-23T09:59:13","guid":{"rendered":"http:\/\/europe-rigid.com\/contact\/thank-you-for-your-message\/"},"modified":"2019-08-23T13:04:12","modified_gmt":"2019-08-23T11:04:12","slug":"thank-you-for-your-message","status":"publish","type":"page","link":"https:\/\/europe-rigid.com\/tr\/contact\/thank-you-for-your-message\/","title":{"rendered":"Mesaj\u0131n i\u00e7in te\u015fekk\u00fcrler"},"content":{"rendered":"\n<p style=\"text-align:center\">Form ba\u015far\u0131yla g\u00f6nderildi. En k\u0131sa zamanda sizinle ileti\u015fime ge\u00e7ece\u011fiz.<\/p>\n","protected":false},"excerpt":{"rendered":"<p>Form ba\u015far\u0131yla g\u00f6nderildi. En k\u0131sa zamanda sizinle ileti\u015fime ge\u00e7ece\u011fiz.<\/p>\n","protected":false},"author":1,"featured_media":0,"parent":2544,"menu_order":0,"comment_status":"closed","ping_status":"closed","template":"","meta":{"footnotes":""},"class_list":["post-5585","page","type-page","status-publish","hentry"],"_links":{"self":[{"href":"https:\/\/europe-rigid.com\/tr\/wp-json\/wp\/v2\/pages\/5585","targetHints":{"allow":["GET"]}}],"collection":[{"href":"https:\/\/europe-rigid.com\/tr\/wp-json\/wp\/v2\/pages"}],"about":[{"href":"https:\/\/europe-rigid.com\/tr\/wp-json\/wp\/v2\/types\/page"}],"author":[{"embeddable":true,"href":"https:\/\/europe-rigid.com\/tr\/wp-json\/wp\/v2\/users\/1"}],"replies":[{"embeddable":true,"href":"https:\/\/europe-rigid.com\/tr\/wp-json\/wp\/v2\/comments?post=5585"}],"version-history":[{"count":0,"href":"https:\/\/europe-rigid.com\/tr\/wp-json\/wp\/v2\/pages\/5585\/revisions"}],"up":[{"embeddable":true,"href":"https:\/\/europe-rigid.com\/tr\/wp-json\/wp\/v2\/pages\/2544"}],"wp:attachment":[{"href":"https:\/\/europe-rigid.com\/tr\/wp-json\/wp\/v2\/media?parent=5585"}],"curies":[{"name":"wp","href":"https:\/\/api.w.org\/{rel}","templated":true}]}}